{"id":9756,"date":"2022-10-13T12:47:06","date_gmt":"2022-10-13T15:47:06","guid":{"rendered":"https:\/\/ayuda.xubio.com\/?page_id=9756"},"modified":"2022-11-23T17:44:57","modified_gmt":"2022-11-23T20:44:57","slug":"primeros-pasos","status":"publish","type":"page","link":"https:\/\/ayuda.xubio.com\/es-mx\/empresas\/primeros-pasos\/","title":{"rendered":"Primeros Pasos"},"content":{"rendered":"<p><div class=\"fusion-fullwidth fullwidth-box fusion-builder-row-1 fusion-parallax-none nonhundred-percent-fullwidth non-hundred-percent-height-scrolling\" style=\"background-color: rgba(255,255,255,0);background-image: url(&quot;https:\/\/ayuda.xubio.com\/wp-content\/uploads\/2018\/09\/fondo_imagen_azul-1.png&quot;);background-position: center center;background-repeat: no-repeat;padding-top:100px;padding-right:0px;padding-bottom:100px;padding-left:0px;margin-bottom: 30px;margin-top: 0px;border-width: 0px 0px 0px 0px;border-color:#eae9e9;border-style:solid;-webkit-background-size:cover;-moz-background-size:cover;-o-background-size:cover;background-size:cover;\" ><div class=\"fusion-builder-row fusion-row\"><div class=\"fusion-layout-column fusion_builder_column fusion-builder-column-0 fusion_builder_column_1_1 1_1 fusion-one-full fusion-column-first fusion-column-last\" style=\"margin-top:0px;margin-bottom:20px;\"><div class=\"fusion-column-wrapper fusion-flex-column-wrapper-legacy\" style=\"background-position:left top;background-repeat:no-repeat;-webkit-background-size:cover;-moz-background-size:cover;-o-background-size:cover;background-size:cover;padding: 0px 0px 0px 0px;\"><div class=\"fusion-clearfix\"><\/div><\/div><\/div><\/div><\/div>\n<div class=\"fusion-fullwidth fullwidth-box fusion-builder-row-2 nonhundred-percent-fullwidth non-hundred-percent-height-scrolling\" style=\"background-color: rgba(255,255,255,0);background-position: center center;background-repeat: no-repeat;padding-top:10px;padding-right:0px;padding-bottom:10px;padding-left:0px;margin-bottom: 20px;margin-top: 50px;border-width: 0px 0px 0px 0px;border-color:#eae9e9;border-style:solid;\" ><div class=\"fusion-builder-row fusion-row\"><div class=\"fusion-layout-column fusion_builder_column fusion-builder-column-1 fusion_builder_column_1_1 1_1 fusion-one-full fusion-column-first fusion-column-last\" style=\"margin-top:0px;margin-bottom:20px;\"><div class=\"fusion-column-wrapper fusion-flex-column-wrapper-legacy\" style=\"background-position:left top;background-repeat:no-repeat;-webkit-background-size:cover;-moz-background-size:cover;-o-background-size:cover;background-size:cover;padding: 0px 0px 0px 0px;\"><div class=\"fusion-text fusion-text-1\"><p class=\"h2titulocategoria\">Primeros pasos<\/p>\n<\/div><div class=\"fusion-clearfix\"><\/div><\/div><\/div><\/div><\/div><div class=\"fusion-fullwidth fullwidth-box fusion-builder-row-3 nonhundred-percent-fullwidth non-hundred-percent-height-scrolling\" style=\"background-color: rgba(255,255,255,0);background-position: center center;background-repeat: no-repeat;padding-top:10px;padding-right:0px;padding-bottom:10px;padding-left:0px;margin-bottom: 20px;margin-top: 20px;border-width: 0px 0px 0px 0px;border-color:#eae9e9;border-style:solid;\" ><div class=\"fusion-builder-row fusion-row\"><div class=\"fusion-layout-column fusion_builder_column fusion-builder-column-2 fusion_builder_column_1_2 1_2 fusion-one-half fusion-column-first\" style=\"width:50%;width:calc(50% - ( ( 4% ) * 0.5 ) );margin-right: 4%;margin-top:0px;margin-bottom:20px;\"><div class=\"fusion-column-wrapper fusion-flex-column-wrapper-legacy\" style=\"background-position:left top;background-repeat:no-repeat;-webkit-background-size:cover;-moz-background-size:cover;-o-background-size:cover;background-size:cover;padding: 0px 0px 0px 0px;\"><div class=\"fusion-text fusion-text-2\"><p class=\"h2estilotitulocategoria\">Primeras transacciones<\/p>\n<\/div><div class=\"fusion-blog-shortcode fusion-blog-shortcode-1 fusion-blog-archive fusion-blog-layout-medium fusion-blog-no fusion-blog-no-images blogpreguntas\"><div class=\"fusion-posts-container fusion-posts-container-no fusion-no-meta-info\" data-pages=\"1\"><article id=\"blog-1-post-2266\" class=\"fusion-post-medium post-2266 post type-post status-publish format-standard hentry category-mi-informacion-primeros-pasos-emp category-mi-informacion-primeros-pasos-cont category-reportescontables23\">\n<div class=\"fusion-post-content post-content\"><h2 class=\"blog-shortcode-post-title entry-title\"><a href=\"https:\/\/ayuda.xubio.com\/es-mx\/como-modifico-mi-plan-cuentas-xubio-mexico\/\">\u00bfC\u00f3mo modifico mi cat\u00e1logo de cuentas en Xubio M\u00e9xico?<\/a><\/h2><\/div><div class=\"fusion-clearfix\"><\/div><\/article>\n<article id=\"blog-1-post-3742\" class=\"fusion-post-medium post-3742 post type-post status-publish format-standard hentry category-mi-informacion-primeros-pasos-emp category-mi-informacion-primeros-pasos-cont category-lista-de-precios-compras-emp category-listas-de-precios-compras-cont\">\n<div class=\"fusion-post-content post-content\"><h2 class=\"blog-shortcode-post-title entry-title\"><a href=\"https:\/\/ayuda.xubio.com\/es-mx\/como-ingreso-una-nueva-lista-de-precios\/\">\u00bfC\u00f3mo ingreso una nueva lista de precios?<\/a><\/h2><\/div><div class=\"fusion-clearfix\"><\/div><\/article>\n<article id=\"blog-1-post-3231\" class=\"fusion-post-medium post-3231 post type-post status-publish format-standard hentry category-mi-informacion-primeros-pasos-emp category-mi-informacion-primeros-pasos-cont category-operacionesconta23 category-contabilidad-emp category-contabilidad-cont\">\n<div class=\"fusion-post-content post-content\"><h2 class=\"blog-shortcode-post-title entry-title\"><a href=\"https:\/\/ayuda.xubio.com\/es-mx\/como-ingreso-nueva-cuenta-contable\/\">\u00bfC\u00f3mo ingreso una nueva cuenta contable?<\/a><\/h2><\/div><div class=\"fusion-clearfix\"><\/div><\/article>\n<article id=\"blog-1-post-2429\" class=\"fusion-post-medium post-2429 post type-post status-publish format-standard hentry category-mi-informacion-primeros-pasos-emp category-mi-informacion-primeros-pasos-cont category-proveedores-compras-emp category-proveedores-compras-cont\">\n<div class=\"fusion-post-content post-content\"><h2 class=\"blog-shortcode-post-title entry-title\"><a href=\"https:\/\/ayuda.xubio.com\/es-mx\/como-ingreso-nuevo-proveedor\/\">\u00bfC\u00f3mo ingreso un nuevo proveedor?<\/a><\/h2><\/div><div class=\"fusion-clearfix\"><\/div><\/article>\n<article id=\"blog-1-post-3227\" class=\"fusion-post-medium post-3227 post type-post status-publish format-standard hentry category-mi-informacion-primeros-pasos-emp category-mi-informacion-primeros-pasos-cont category-proveedores-compras-emp category-proveedores-compras-cont\">\n<div class=\"fusion-post-content post-content\"><h2 class=\"blog-shortcode-post-title entry-title\"><a href=\"https:\/\/ayuda.xubio.com\/es-mx\/como-ingreso-nuevo-producto-de-compra-2\/\">\u00bfC\u00f3mo ingreso un nuevo producto de compra?<\/a><\/h2><\/div><div class=\"fusion-clearfix\"><\/div><\/article>\n<article id=\"blog-1-post-3306\" class=\"fusion-post-medium post-3306 post type-post status-publish format-standard hentry category-mi-informacion-primeros-pasos-emp category-mi-informacion-primeros-pasos-cont category-contabilidad-emp category-contabilidad-cont\">\n<div class=\"fusion-post-content post-content\"><h2 class=\"blog-shortcode-post-title entry-title\"><a href=\"https:\/\/ayuda.xubio.com\/es-mx\/como-ingreso-mis-saldos-iniciales\/\">\u00bfC\u00f3mo ingreso mis saldos iniciales?<\/a><\/h2><\/div><div class=\"fusion-clearfix\"><\/div><\/article>\n<article id=\"blog-1-post-3492\" class=\"fusion-post-medium post-3492 post type-post status-publish format-standard hentry category-mi-informacion-primeros-pasos-emp category-mi-informacion-primeros-pasos-cont category-clientes-ventas-cont category-clientes-ventas-emp\">\n<div class=\"fusion-post-content post-content\"><h2 class=\"blog-shortcode-post-title entry-title\"><a href=\"https:\/\/ayuda.xubio.com\/es-mx\/como-ingreso-nuevo-cliente\/\">\u00bfC\u00f3mo ingreso mis clientes a Xubio?<\/a><\/h2><\/div><div class=\"fusion-clearfix\"><\/div><\/article>\n<article id=\"blog-1-post-2260\" class=\"fusion-post-medium post-2260 post type-post status-publish format-standard hentry category-mi-informacion-primeros-pasos-emp\">\n<div class=\"fusion-post-content post-content\"><h2 class=\"blog-shortcode-post-title entry-title\"><a href=\"https:\/\/ayuda.xubio.com\/es-mx\/como-ingreso-los-datos-de-mi-empresa\/\">\u00bfC\u00f3mo ingreso los datos de mi empresa en Xubio M\u00e9xico?<\/a><\/h2><\/div><div class=\"fusion-clearfix\"><\/div><\/article>\n<article id=\"blog-1-post-3220\" class=\"fusion-post-medium post-3220 post type-post status-publish format-standard hentry category-mi-informacion-primeros-pasos-emp category-mi-informacion-primeros-pasos-cont\">\n<div class=\"fusion-post-content post-content\"><h2 class=\"blog-shortcode-post-title entry-title\"><a href=\"https:\/\/ayuda.xubio.com\/es-mx\/como-ingreso-nuevo-producto-de-venta\/\">\u00bfC\u00f3mo ingresar productos de venta en Xubio?<\/a><\/h2><\/div><div class=\"fusion-clearfix\"><\/div><\/article>\n<article id=\"blog-1-post-13790\" class=\"fusion-post-medium post-13790 post type-post status-publish format-standard hentry category-mi-informacion-contadores category-primeros-pasos-emp category-mi-informacion-primeros-pasos-emp category-contador category-empresas-es-mx\">\n<div class=\"fusion-post-content post-content\"><h2 class=\"blog-shortcode-post-title entry-title\"><a href=\"https:\/\/ayuda.xubio.com\/es-mx\/como-funciona-xubio\/\">\u00bfC\u00f3mo funciona Xubio?<\/a><\/h2><\/div><div class=\"fusion-clearfix\"><\/div><\/article>\n<\/div><\/div><div class=\"fusion-clearfix\"><\/div><\/div><\/div><div class=\"fusion-layout-column fusion_builder_column fusion-builder-column-3 fusion_builder_column_1_2 1_2 fusion-one-half fusion-column-last\" style=\"width:50%;width:calc(50% - ( ( 4% ) * 0.5 ) );margin-top:0px;margin-bottom:20px;\"><div class=\"fusion-column-wrapper fusion-flex-column-wrapper-legacy\" style=\"background-position:left top;background-repeat:no-repeat;-webkit-background-size:cover;-moz-background-size:cover;-o-background-size:cover;background-size:cover;padding: 0px 0px 0px 0px;\"><div class=\"fusion-text fusion-text-3\"><p class=\"h2estilotitulocategoria\">Importaciones masivas<\/p>\n<\/div><div class=\"fusion-text fusion-text-4\" style=\"line-height:45px;\"><p class=\"blog-shortcode-post-title entry-title fusion-responsive-typography-calculated\" data-fontsize=\"18\" data-lineheight=\"27px\"><a href=\"https:\/\/ayuda.xubio.com\/es-mx\/como-importo-mis-listas-de-precios-2\/\">\u00bfC\u00f3mo importo mis listas de precios?<\/a><\/p>\n<p class=\"blog-shortcode-post-title entry-title fusion-responsive-typography-calculated\" data-fontsize=\"18\" data-lineheight=\"27px\"><a href=\"https:\/\/ayuda.xubio.com\/es-mx\/como-importo-mis-asientos-manuales\/\">\u00bfC\u00f3mo importo mis asientos manuales?<\/a><\/p>\n<p class=\"blog-shortcode-post-title entry-title fusion-responsive-typography-calculated\" data-fontsize=\"18\" data-lineheight=\"27px\"><a href=\"https:\/\/ayuda.xubio.com\/es-mx\/como-importo-mi-stock\/\">\u00bfC\u00f3mo importo mi stock?<\/a><\/p>\n<\/div><div class=\"fusion-clearfix\"><\/div><\/div><\/div><\/div><\/div><\/p>\n","protected":false},"excerpt":{"rendered":"","protected":false},"author":5,"featured_media":0,"parent":1694,"menu_order":1,"comment_status":"closed","ping_status":"closed","template":"100-width.php","meta":{"inline_featured_image":false,"footnotes":""},"class_list":["post-9756","page","type-page","status-publish","hentry"],"yoast_head":"<!-- This site is optimized with the Yoast SEO plugin v24.9 - https:\/\/yoast.com\/wordpress\/plugins\/seo\/ -->\n<title>Primeros Pasos - Xubio Ayuda<\/title>\n<meta name=\"robots\" content=\"index, follow, max-snippet:-1, max-image-preview:large, max-video-preview:-1\" \/>\n<link rel=\"canonical\" href=\"https:\/\/ayuda.xubio.com\/es-mx\/empresas\/primeros-pasos\/\" \/>\n<meta property=\"og:locale\" content=\"es_MX\" \/>\n<meta property=\"og:type\" content=\"article\" \/>\n<meta property=\"og:title\" content=\"Primeros Pasos - Xubio Ayuda\" \/>\n<meta property=\"og:url\" content=\"https:\/\/ayuda.xubio.com\/es-mx\/empresas\/primeros-pasos\/\" \/>\n<meta property=\"og:site_name\" content=\"Xubio Ayuda\" \/>\n<meta property=\"article:publisher\" content=\"http:\/\/www.facebook.com\/XubioCompany\" \/>\n<meta property=\"article:modified_time\" content=\"2022-11-23T20:44:57+00:00\" \/>\n<meta name=\"twitter:card\" content=\"summary_large_image\" \/>\n<meta name=\"twitter:label1\" content=\"Tiempo de lectura\" \/>\n\t<meta name=\"twitter:data1\" content=\"3 minutos\" \/>\n<script type=\"application\/ld+json\" class=\"yoast-schema-graph\">{\"@context\":\"https:\/\/schema.org\",\"@graph\":[{\"@type\":\"WebPage\",\"@id\":\"https:\/\/ayuda.xubio.com\/es-mx\/empresas\/primeros-pasos\/\",\"url\":\"https:\/\/ayuda.xubio.com\/es-mx\/empresas\/primeros-pasos\/\",\"name\":\"Primeros Pasos - Xubio Ayuda\",\"isPartOf\":{\"@id\":\"https:\/\/ayuda.xubio.com\/es-mx\/#website\"},\"datePublished\":\"2022-10-13T15:47:06+00:00\",\"dateModified\":\"2022-11-23T20:44:57+00:00\",\"breadcrumb\":{\"@id\":\"https:\/\/ayuda.xubio.com\/es-mx\/empresas\/primeros-pasos\/#breadcrumb\"},\"inLanguage\":\"es\",\"potentialAction\":[{\"@type\":\"ReadAction\",\"target\":[\"https:\/\/ayuda.xubio.com\/es-mx\/empresas\/primeros-pasos\/\"]}]},{\"@type\":\"BreadcrumbList\",\"@id\":\"https:\/\/ayuda.xubio.com\/es-mx\/empresas\/primeros-pasos\/#breadcrumb\",\"itemListElement\":[{\"@type\":\"ListItem\",\"position\":1,\"name\":\"Xubio\",\"item\":\"https:\/\/ayuda.xubio.com\/es-mx\/\"},{\"@type\":\"ListItem\",\"position\":2,\"name\":\"Empresas\",\"item\":\"https:\/\/ayuda.xubio.com\/es-mx\/\"},{\"@type\":\"ListItem\",\"position\":3,\"name\":\"Primeros Pasos\"}]},{\"@type\":\"WebSite\",\"@id\":\"https:\/\/ayuda.xubio.com\/es-mx\/#website\",\"url\":\"https:\/\/ayuda.xubio.com\/es-mx\/\",\"name\":\"Xubio Ayuda\",\"description\":\"\",\"publisher\":{\"@id\":\"https:\/\/ayuda.xubio.com\/es-mx\/#organization\"},\"potentialAction\":[{\"@type\":\"SearchAction\",\"target\":{\"@type\":\"EntryPoint\",\"urlTemplate\":\"https:\/\/ayuda.xubio.com\/es-mx\/?s={search_term_string}\"},\"query-input\":{\"@type\":\"PropertyValueSpecification\",\"valueRequired\":true,\"valueName\":\"search_term_string\"}}],\"inLanguage\":\"es\"},{\"@type\":\"Organization\",\"@id\":\"https:\/\/ayuda.xubio.com\/es-mx\/#organization\",\"name\":\"Xubio\",\"url\":\"https:\/\/ayuda.xubio.com\/es-mx\/\",\"logo\":{\"@type\":\"ImageObject\",\"inLanguage\":\"es\",\"@id\":\"https:\/\/ayuda.xubio.com\/es-mx\/#\/schema\/logo\/image\/\",\"url\":\"https:\/\/ayuda.xubio.com\/wp-content\/uploads\/2017\/11\/logo_xubio_header.png\",\"contentUrl\":\"https:\/\/ayuda.xubio.com\/wp-content\/uploads\/2017\/11\/logo_xubio_header.png\",\"width\":161,\"height\":42,\"caption\":\"Xubio\"},\"image\":{\"@id\":\"https:\/\/ayuda.xubio.com\/es-mx\/#\/schema\/logo\/image\/\"},\"sameAs\":[\"http:\/\/www.facebook.com\/XubioCompany\"]}]}<\/script>\n<!-- \/ Yoast SEO plugin. -->","yoast_head_json":{"title":"Primeros Pasos - Xubio Ayuda","robots":{"index":"index","follow":"follow","max-snippet":"max-snippet:-1","max-image-preview":"max-image-preview:large","max-video-preview":"max-video-preview:-1"},"canonical":"https:\/\/ayuda.xubio.com\/es-mx\/empresas\/primeros-pasos\/","og_locale":"es_MX","og_type":"article","og_title":"Primeros Pasos - Xubio Ayuda","og_url":"https:\/\/ayuda.xubio.com\/es-mx\/empresas\/primeros-pasos\/","og_site_name":"Xubio Ayuda","article_publisher":"http:\/\/www.facebook.com\/XubioCompany","article_modified_time":"2022-11-23T20:44:57+00:00","twitter_card":"summary_large_image","twitter_misc":{"Tiempo de lectura":"3 minutos"},"schema":{"@context":"https:\/\/schema.org","@graph":[{"@type":"WebPage","@id":"https:\/\/ayuda.xubio.com\/es-mx\/empresas\/primeros-pasos\/","url":"https:\/\/ayuda.xubio.com\/es-mx\/empresas\/primeros-pasos\/","name":"Primeros Pasos - Xubio Ayuda","isPartOf":{"@id":"https:\/\/ayuda.xubio.com\/es-mx\/#website"},"datePublished":"2022-10-13T15:47:06+00:00","dateModified":"2022-11-23T20:44:57+00:00","breadcrumb":{"@id":"https:\/\/ayuda.xubio.com\/es-mx\/empresas\/primeros-pasos\/#breadcrumb"},"inLanguage":"es","potentialAction":[{"@type":"ReadAction","target":["https:\/\/ayuda.xubio.com\/es-mx\/empresas\/primeros-pasos\/"]}]},{"@type":"BreadcrumbList","@id":"https:\/\/ayuda.xubio.com\/es-mx\/empresas\/primeros-pasos\/#breadcrumb","itemListElement":[{"@type":"ListItem","position":1,"name":"Xubio","item":"https:\/\/ayuda.xubio.com\/es-mx\/"},{"@type":"ListItem","position":2,"name":"Empresas","item":"https:\/\/ayuda.xubio.com\/es-mx\/"},{"@type":"ListItem","position":3,"name":"Primeros Pasos"}]},{"@type":"WebSite","@id":"https:\/\/ayuda.xubio.com\/es-mx\/#website","url":"https:\/\/ayuda.xubio.com\/es-mx\/","name":"Xubio Ayuda","description":"","publisher":{"@id":"https:\/\/ayuda.xubio.com\/es-mx\/#organization"},"potentialAction":[{"@type":"SearchAction","target":{"@type":"EntryPoint","urlTemplate":"https:\/\/ayuda.xubio.com\/es-mx\/?s={search_term_string}"},"query-input":{"@type":"PropertyValueSpecification","valueRequired":true,"valueName":"search_term_string"}}],"inLanguage":"es"},{"@type":"Organization","@id":"https:\/\/ayuda.xubio.com\/es-mx\/#organization","name":"Xubio","url":"https:\/\/ayuda.xubio.com\/es-mx\/","logo":{"@type":"ImageObject","inLanguage":"es","@id":"https:\/\/ayuda.xubio.com\/es-mx\/#\/schema\/logo\/image\/","url":"https:\/\/ayuda.xubio.com\/wp-content\/uploads\/2017\/11\/logo_xubio_header.png","contentUrl":"https:\/\/ayuda.xubio.com\/wp-content\/uploads\/2017\/11\/logo_xubio_header.png","width":161,"height":42,"caption":"Xubio"},"image":{"@id":"https:\/\/ayuda.xubio.com\/es-mx\/#\/schema\/logo\/image\/"},"sameAs":["http:\/\/www.facebook.com\/XubioCompany"]}]}},"_links":{"self":[{"href":"https:\/\/ayuda.xubio.com\/es-mx\/wp-json\/wp\/v2\/pages\/9756","targetHints":{"allow":["GET"]}}],"collection":[{"href":"https:\/\/ayuda.xubio.com\/es-mx\/wp-json\/wp\/v2\/pages"}],"about":[{"href":"https:\/\/ayuda.xubio.com\/es-mx\/wp-json\/wp\/v2\/types\/page"}],"author":[{"embeddable":true,"href":"https:\/\/ayuda.xubio.com\/es-mx\/wp-json\/wp\/v2\/users\/5"}],"replies":[{"embeddable":true,"href":"https:\/\/ayuda.xubio.com\/es-mx\/wp-json\/wp\/v2\/comments?post=9756"}],"version-history":[{"count":5,"href":"https:\/\/ayuda.xubio.com\/es-mx\/wp-json\/wp\/v2\/pages\/9756\/revisions"}],"predecessor-version":[{"id":15880,"href":"https:\/\/ayuda.xubio.com\/es-mx\/wp-json\/wp\/v2\/pages\/9756\/revisions\/15880"}],"up":[{"embeddable":true,"href":"https:\/\/ayuda.xubio.com\/es-mx\/wp-json\/wp\/v2\/pages\/1694"}],"wp:attachment":[{"href":"https:\/\/ayuda.xubio.com\/es-mx\/wp-json\/wp\/v2\/media?parent=9756"}],"curies":[{"name":"wp","href":"https:\/\/api.w.org\/{rel}","templated":true}]}}