{"id":4323,"date":"2019-04-26T10:41:29","date_gmt":"2019-04-26T13:41:29","guid":{"rendered":"https:\/\/ayuda.xubio.com\/?page_id=4323"},"modified":"2022-12-06T12:31:44","modified_gmt":"2022-12-06T15:31:44","slug":"factura-electronica","status":"publish","type":"page","link":"https:\/\/ayuda.xubio.com\/es-mx\/empresas\/factura-electronica\/","title":{"rendered":"Factura electr\u00f3nica"},"content":{"rendered":"<p><div class=\"fusion-fullwidth fullwidth-box fusion-builder-row-1 fusion-parallax-none nonhundred-percent-fullwidth non-hundred-percent-height-scrolling\" style=\"background-color: rgba(255,255,255,0);background-image: url(&quot;https:\/\/ayuda.xubio.com\/wp-content\/uploads\/2018\/09\/fondo_imagen_azul-1.png&quot;);background-position: center center;background-repeat: no-repeat;padding-top:100px;padding-right:0px;padding-bottom:100px;padding-left:0px;margin-bottom: 30px;margin-top: 0px;border-width: 0px 0px 0px 0px;border-color:#eae9e9;border-style:solid;-webkit-background-size:cover;-moz-background-size:cover;-o-background-size:cover;background-size:cover;\" ><div class=\"fusion-builder-row fusion-row\"><div class=\"fusion-layout-column fusion_builder_column fusion-builder-column-0 fusion_builder_column_1_1 1_1 fusion-one-full fusion-column-first fusion-column-last\" style=\"margin-top:0px;margin-bottom:20px;\"><div class=\"fusion-column-wrapper fusion-flex-column-wrapper-legacy\" style=\"background-position:left top;background-repeat:no-repeat;-webkit-background-size:cover;-moz-background-size:cover;-o-background-size:cover;background-size:cover;padding: 0px 0px 0px 0px;\"><div class=\"fusion-clearfix\"><\/div><\/div><\/div><\/div><\/div>\n<div class=\"fusion-fullwidth fullwidth-box fusion-builder-row-2 nonhundred-percent-fullwidth non-hundred-percent-height-scrolling\" style=\"background-color: rgba(255,255,255,0);background-position: center center;background-repeat: no-repeat;padding-top:10px;padding-right:0px;padding-bottom:10px;padding-left:0px;margin-bottom: 20px;margin-top: 50px;border-width: 0px 0px 0px 0px;border-color:#eae9e9;border-style:solid;\" ><div class=\"fusion-builder-row fusion-row\"><div class=\"fusion-layout-column fusion_builder_column fusion-builder-column-1 fusion_builder_column_1_1 1_1 fusion-one-full fusion-column-first fusion-column-last\" style=\"margin-top:0px;margin-bottom:20px;\"><div class=\"fusion-column-wrapper fusion-flex-column-wrapper-legacy\" style=\"background-position:left top;background-repeat:no-repeat;-webkit-background-size:cover;-moz-background-size:cover;-o-background-size:cover;background-size:cover;padding: 0px 0px 0px 0px;\"><div class=\"fusion-text fusion-text-1\"><p class=\"h2titulocategoria\">Factura Electr\u00f3nica<\/p>\n<\/div><div class=\"fusion-clearfix\"><\/div><\/div><\/div><\/div><\/div><div class=\"fusion-fullwidth fullwidth-box fusion-builder-row-3 nonhundred-percent-fullwidth non-hundred-percent-height-scrolling\" style=\"background-color: rgba(255,255,255,0);background-position: center center;background-repeat: no-repeat;padding-top:10px;padding-right:0px;padding-bottom:10px;padding-left:0px;margin-bottom: 20px;margin-top: 20px;border-width: 0px 0px 0px 0px;border-color:#eae9e9;border-style:solid;\" ><div class=\"fusion-builder-row fusion-row\"><div class=\"fusion-layout-column fusion_builder_column fusion-builder-column-2 fusion_builder_column_1_2 1_2 fusion-one-half fusion-column-first\" style=\"width:50%;width:calc(50% - ( ( 4% ) * 0.5 ) );margin-right: 4%;margin-top:0px;margin-bottom:20px;\"><div class=\"fusion-column-wrapper fusion-flex-column-wrapper-legacy\" style=\"background-position:left top;background-repeat:no-repeat;-webkit-background-size:cover;-moz-background-size:cover;-o-background-size:cover;background-size:cover;padding: 0px 0px 0px 0px;\"><div class=\"fusion-text fusion-text-2\"><p class=\"h2estilotitulocategoria\">Normatividad<\/p>\n<\/div><div class=\"fusion-blog-shortcode fusion-blog-shortcode-1 fusion-blog-archive fusion-blog-layout-medium fusion-blog-no fusion-blog-no-images blogpreguntas\"><div class=\"fusion-posts-container fusion-posts-container-no fusion-no-meta-info\" data-pages=\"1\"><article id=\"blog-1-post-4382\" class=\"fusion-post-medium post-4382 post type-post status-publish format-standard hentry category-normatividad-factura-electronica-emp category-factura-electronica-cont-es-mx category-normativa-factura-electronica-cont-es-mx-2 category-factura-electronica-emp-es-mx\">\n<div class=\"fusion-post-content post-content\"><h2 class=\"blog-shortcode-post-title entry-title\"><a href=\"https:\/\/ayuda.xubio.com\/es-mx\/quienes-estan-obligados-a-emitir-factura-electronica\/\">\u00bfQuienes est\u00e1n obligados a emitir factura electr\u00f3nica?<\/a><\/h2><\/div><div class=\"fusion-clearfix\"><\/div><\/article>\n<article id=\"blog-1-post-4386\" class=\"fusion-post-medium post-4386 post type-post status-publish format-standard hentry category-normatividad-factura-electronica-emp category-factura-electronica-cont-es-mx category-normativa-factura-electronica-cont-es-mx-2 category-factura-electronica-emp-es-mx\">\n<div class=\"fusion-post-content post-content\"><h2 class=\"blog-shortcode-post-title entry-title\"><a href=\"https:\/\/ayuda.xubio.com\/es-mx\/tipos-de-comprobantes\/\">\u00bfQue tipos de comprobantes existen?<\/a><\/h2><\/div><div class=\"fusion-clearfix\"><\/div><\/article>\n<article id=\"blog-1-post-4384\" class=\"fusion-post-medium post-4384 post type-post status-publish format-standard hentry category-normatividad-factura-electronica-emp category-factura-electronica-cont-es-mx category-normativa-factura-electronica-cont-es-mx-2 category-factura-electronica-emp-es-mx\">\n<div class=\"fusion-post-content post-content\"><h2 class=\"blog-shortcode-post-title entry-title\"><a href=\"https:\/\/ayuda.xubio.com\/es-mx\/que-es-la-efirma-antes-firma-electronica\/\">\u00bfQu\u00e9 es la e.firma (antes firma electr\u00f3nica)?<\/a><\/h2><\/div><div class=\"fusion-clearfix\"><\/div><\/article>\n<article id=\"blog-1-post-4380\" class=\"fusion-post-medium post-4380 post type-post status-publish format-standard hentry category-normatividad-factura-electronica-emp category-factura-electronica-cont-es-mx category-normativa-factura-electronica-cont-es-mx-2 category-factura-electronica-emp-es-mx\">\n<div class=\"fusion-post-content post-content\"><h2 class=\"blog-shortcode-post-title entry-title\"><a href=\"https:\/\/ayuda.xubio.com\/es-mx\/fundamento-legal-de-la-factura-electronica\/\">\u00bfCu\u00e1l es el fundamento legal de la factura electr\u00f3nica?<\/a><\/h2><\/div><div class=\"fusion-clearfix\"><\/div><\/article>\n<article id=\"blog-1-post-6887\" class=\"fusion-post-medium post-6887 post type-post status-publish format-standard hentry category-normatividad-factura-electronica-emp category-factura-electronica-cont-es-mx category-normativa-factura-electronica-cont-es-mx-2 category-empresas-es-mx category-mi-estudio-cont category-factura-electronica-emp-es-mx\">\n<div class=\"fusion-post-content post-content\"><h2 class=\"blog-shortcode-post-title entry-title\"><a href=\"https:\/\/ayuda.xubio.com\/es-mx\/como-firmo-el-contrato-de-manifiesto\/\">\u00bfC\u00f3mo firmo el contrato de manifiesto?<\/a><\/h2><\/div><div class=\"fusion-clearfix\"><\/div><\/article>\n<\/div><\/div><div class=\"fusion-clearfix\"><\/div><\/div><\/div><div class=\"fusion-layout-column fusion_builder_column fusion-builder-column-3 fusion_builder_column_1_2 1_2 fusion-one-half fusion-column-last\" style=\"width:50%;width:calc(50% - ( ( 4% ) * 0.5 ) );margin-top:0px;margin-bottom:20px;\"><div class=\"fusion-column-wrapper fusion-flex-column-wrapper-legacy\" style=\"background-position:left top;background-repeat:no-repeat;-webkit-background-size:cover;-moz-background-size:cover;-o-background-size:cover;background-size:cover;padding: 0px 0px 0px 0px;\"><div class=\"fusion-text fusion-text-3\"><p class=\"h2estilotitulocategoria\">Llenado de CFDI<\/p>\n<\/div><div class=\"fusion-text fusion-text-4\" style=\"line-height:38px;\"><p class=\"blog-shortcode-post-title entry-title fusion-responsive-typography-calculated\" data-fontsize=\"18\" data-lineheight=\"27px\"><a href=\"https:\/\/ayuda.xubio.com\/es-mx\/llenado-del-cfdi\/\">\u00bfC\u00f3mo realizo el llenado del CFDI?<\/a><\/p>\n<p data-fontsize=\"18\" data-lineheight=\"27px\"><a href=\"https:\/\/ayuda.xubio.com\/es-mx\/existen-validadores-de-cfdi-version-3-3\/\">\u00bfExisten validadores de CFDI versi\u00f3n 3.3?<\/a><\/p>\n<p data-fontsize=\"18\" data-lineheight=\"27px\"><a href=\"https:\/\/ayuda.xubio.com\/es-mx\/como-se-deben-registrar-en-los-cfdi-los-conceptos-exentos-de-impuestos\/\">\u00bfC\u00f3mo se deben registrar en los CFDI los conceptos exentos de impuestos?<\/a><\/p>\n<p class=\"blog-shortcode-post-title entry-title fusion-responsive-typography-calculated\" data-fontsize=\"18\" data-lineheight=\"27px\"><a href=\"https:\/\/ayuda.xubio.com\/es-mx\/como-se-deben-reflejar-los-impuestos-retenidos-y-trasladados-en-el-cfdi-version-3-3\/\">\u00bfC\u00f3mo se deben reflejar los impuestos retenidos y trasladados en el CFDI versi\u00f3n 3.3?<\/a><\/p>\n<p class=\"blog-shortcode-post-title entry-title fusion-responsive-typography-calculated\" data-fontsize=\"18\" data-lineheight=\"27px\"><a href=\"https:\/\/ayuda.xubio.com\/es-mx\/como-se-deben-incluir-los-impuestos-locales-en-el-cfdi-version-3-3\/\">\u00bfC\u00f3mo se deben incluir los impuestos locales en el CFDI versi\u00f3n 3.3?<\/a><\/p>\n<p class=\"blog-shortcode-post-title entry-title fusion-responsive-typography-calculated\" data-fontsize=\"18\" data-lineheight=\"27px\"><a href=\"https:\/\/ayuda.xubio.com\/es-mx\/como-se-deben-clasificar-los-productos-y-servicios-de-acuerdo-con-el-catalogo-publicado-por-el-sat\/\">\u00bfC\u00f3mo se deben clasificar los productos y servicios de acuerdo con el cat\u00e1logo publicado por el SAT (c_ClaveProdSev)?<\/a><\/p>\n<\/div><div class=\"fusion-clearfix\"><\/div><\/div><\/div><\/div><\/div><div class=\"fusion-fullwidth fullwidth-box fusion-builder-row-4 nonhundred-percent-fullwidth non-hundred-percent-height-scrolling\" style=\"background-color: rgba(255,255,255,0);background-position: center center;background-repeat: no-repeat;padding-top:10px;padding-right:0px;padding-bottom:10px;padding-left:0px;margin-bottom: 20px;margin-top: 20px;border-width: 0px 0px 0px 0px;border-color:#eae9e9;border-style:solid;\" ><div class=\"fusion-builder-row fusion-row\"><div class=\"fusion-layout-column fusion_builder_column fusion-builder-column-4 fusion_builder_column_1_2 1_2 fusion-one-half fusion-column-first\" style=\"width:50%;width:calc(50% - ( ( 4% ) * 0.5 ) );margin-right: 4%;margin-top:0px;margin-bottom:20px;\"><div class=\"fusion-column-wrapper fusion-flex-column-wrapper-legacy\" style=\"background-position:left top;background-repeat:no-repeat;-webkit-background-size:cover;-moz-background-size:cover;-o-background-size:cover;background-size:cover;padding: 0px 0px 0px 0px;\"><div class=\"fusion-text fusion-text-5\"><p class=\"h2estilotitulocategoria\">Inquietudes<\/p>\n<\/div><div class=\"fusion-text fusion-text-6\"><article id=\"blog-2-post-4372\" class=\"fusion-post-medium post-4372 post type-post status-publish format-standard hentry category-factura-electronica-cont-es-mx category-factura-electronica-emp-es-mx category-inquietudes-factura-electronica-cont category-inquietudes-factura-electronica-emp\">\n<div class=\"fusion-post-content post-content\">\n<p class=\"blog-shortcode-post-title entry-title fusion-responsive-typography-calculated\" data-fontsize=\"18\" data-lineheight=\"27px\"><a href=\"https:\/\/ayuda.xubio.com\/es-mx\/si-tengo-varias-sucursales-pero-mis-sistemas-de-facturacion-se-encuentran-en-la-matriz-que-codigo-postal-debo-registrar-en-el-campo-lugar-de-expedicion-en-el-cfdi\/\">Si tengo varias sucursales, pero mis sistemas de facturaci\u00f3n se encuentran en la matriz \u00bfQu\u00e9 c\u00f3digo postal debo registrar en el campo lugar de expedici\u00f3n en el CFDI?<\/a><\/p>\n<p class=\"blog-shortcode-post-title entry-title fusion-responsive-typography-calculated\" data-fontsize=\"18\" data-lineheight=\"27px\"><a href=\"https:\/\/ayuda.xubio.com\/es-mx\/si-mis-clientes-no-han-actualizado-su-domicilio-a-ciudad-de-mexico-yo-debo-cambiarlo-a-efecto-de-registrar-el-mismo-en-el-cfdi\/\">Si mis clientes no han actualizado su domicilio a Ciudad de M\u00e9xico \u00bfYo debo cambiarlo a efecto de registrar el mismo en el CFDI?<\/a><\/p>\n<p class=\"blog-shortcode-post-title entry-title fusion-responsive-typography-calculated\" data-fontsize=\"18\" data-lineheight=\"27px\"><a href=\"https:\/\/ayuda.xubio.com\/es-mx\/si-a-mi-cliente-le-otorgo-un-descuento-sobre-el-total-de-una-factura-despues-de-haberla-emitido-que-tipo-de-cfdi-debo-emitir\/\">Si a mi cliente le otorg\u00f3 un descuento sobre el total de una factura despu\u00e9s de haberla emitido \u00bfQu\u00e9 tipo de CFDI debo emitir?<\/a><\/p>\n<p class=\"blog-shortcode-post-title entry-title fusion-responsive-typography-calculated\" data-fontsize=\"18\" data-lineheight=\"27px\"><a href=\"https:\/\/ayuda.xubio.com\/es-mx\/en-el-caso-de-que-un-cfdi-haya-sido-pagado-con-diversas-formas-de-pago-que-forma-de-pago-debe-registrarse-en-el-comprobante\/\">En el caso de que un CFDI haya sido pagado con diversas formas de pago \u00bfQu\u00e9 forma de pago debe registrarse en el comprobante?<\/a><\/p>\n<p class=\"blog-shortcode-post-title entry-title fusion-responsive-typography-calculated\" data-fontsize=\"18\" data-lineheight=\"27px\"><a href=\"https:\/\/ayuda.xubio.com\/es-mx\/el-cliente-se-equivoco-y-pago-de-mas-o-indebidamente-se-tiene-que-emitir-una-factura\/\">El cliente se equivoc\u00f3 y pag\u00f3 de m\u00e1s o indebidamente, \u00bfSe tiene que emitir una factura?<\/a><\/p>\n<p class=\"blog-shortcode-post-title entry-title fusion-responsive-typography-calculated\" data-fontsize=\"18\" data-lineheight=\"27px\"><a href=\"https:\/\/ayuda.xubio.com\/es-mx\/que-sucede-si-clasifico-de-manera-erronea-en-el-cfdi-la-clave-de-los-productos-o-servicios\/\">\u00bfQu\u00e9 sucede si clasifico de manera err\u00f3nea en el CFDI la clave de los productos o servicios?<\/a><\/p>\n<p class=\"blog-shortcode-post-title entry-title fusion-responsive-typography-calculated\" data-fontsize=\"18\" data-lineheight=\"27px\"><a href=\"https:\/\/ayuda.xubio.com\/es-mx\/que-clave-de-unidad-de-medida-se-debe-utilizar-para-facturar-servicios\/\">\u00bfQu\u00e9 clave de unidad de medida se debe utilizar para facturar servicios?<\/a><\/p>\n<p class=\"blog-shortcode-post-title entry-title fusion-responsive-typography-calculated\" data-fontsize=\"18\" data-lineheight=\"27px\"><a href=\"https:\/\/ayuda.xubio.com\/es-mx\/en-que-casos-se-debera-emitir-un-cfdi-por-un-anticipo\/\">\u00bfEn qu\u00e9 casos se deber\u00e1 emitir un CFDI por un anticipo?<\/a><\/p>\n<\/div>\n<\/article>\n<\/div><div class=\"fusion-clearfix\"><\/div><\/div><\/div><div class=\"fusion-layout-column fusion_builder_column fusion-builder-column-5 fusion_builder_column_1_2 1_2 fusion-one-half fusion-column-last\" style=\"width:50%;width:calc(50% - ( ( 4% ) * 0.5 ) );margin-top:0px;margin-bottom:20px;\"><div class=\"fusion-column-wrapper fusion-flex-column-wrapper-legacy\" style=\"background-position:left top;background-repeat:no-repeat;-webkit-background-size:cover;-moz-background-size:cover;-o-background-size:cover;background-size:cover;padding: 0px 0px 0px 0px;\"><div class=\"fusion-text fusion-text-7\"><p class=\"h2estilotitulocategoria\">Factura electr\u00f3nica en Xubio<\/p>\n<\/div><div class=\"fusion-text fusion-text-8\" style=\"line-height:38px;\"><article id=\"blog-3-post-4317\" class=\"fusion-post-medium post-4317 post type-post status-publish format-standard hentry category-factura-electronica-en-xubio-factura-electronica-cont category-factura-electronica-en-xubio-factura-electronica-emp category-factura-electronica-cont-es-mx category-factura-electronica-emp-es-mx\">\n<div class=\"fusion-post-content post-content\">\n<p class=\"blog-shortcode-post-title entry-title fusion-responsive-typography-calculated\" data-fontsize=\"18\" data-lineheight=\"27px\"><a href=\"https:\/\/ayuda.xubio.com\/es-mx\/facturas-electronicas-en-xubio-mexico\/\">\u00bfC\u00f3mo realizo una factura electr\u00f3nica en Xubio M\u00e9xico?<\/a><\/p>\n<\/div>\n<p class=\"fusion-clearfix\"><a href=\"https:\/\/ayuda.xubio.com\/es-mx\/como-realizo-la-descarga-masiva-de-mis-comprobantes\/\">\u00bfC\u00f3mo realizo la Descarga Masiva de mis comprobantes?<\/a><\/p>\n<p class=\"fusion-clearfix\"><a href=\"https:\/\/ayuda.xubio.com\/es-mx\/en-que-caso-los-campos-condicionales-del-cfdi-son-de-uso-obligatorio\/\">\u00bfEn qu\u00e9 caso los campos condicionales del CFDI son de uso obligatorio?<\/a><\/p>\n<p class=\"fusion-clearfix\"><a href=\"https:\/\/ayuda.xubio.com\/es-mx\/en-que-apartado-del-cfdi-se-pueden-expresar-las-penalizaciones-o-incumplimientos-en-el-caso-de-contratos-de-obras-publicas\/\">\u00bfEn qu\u00e9 apartado del CFDI se pueden expresar las penalizaciones o incumplimientos en el caso de contratos de obras p\u00fablicas?<\/a><\/p>\n<p class=\"fusion-clearfix\"><a href=\"https:\/\/ayuda.xubio.com\/es-mx\/en-los-cfdi-por-anticipos-se-debe-desglosar-el-iva\/\">\u00bfEn los CFDI por anticipos se debe desglosar el IVA?<\/a><\/p>\n<p class=\"fusion-clearfix\"><a href=\"https:\/\/ayuda.xubio.com\/es-mx\/en-el-cfdi-version-3-3-se-podran-registrar-cantidades-en-negativo\/\">\u00bfEn el CFDI versi\u00f3n 3.3 se podr\u00e1n registrar cantidades en negativo?<\/a><\/p>\n<p class=\"fusion-clearfix\"><a href=\"https:\/\/ayuda.xubio.com\/es-mx\/el-contribuyente-receptor-del-cfdi-tiene-la-obligacion-de-validara-detalle-las-claves-de-producto-servicio-de-todas-las-facturas-que-reciba\/\">\u00bfEl contribuyente receptor del CFDI tiene la obligaci\u00f3n de validar a detalle las claves de producto\/servicio de todas las facturas que reciba?<\/a><\/p>\n<p class=\"fusion-clearfix\"><a href=\"https:\/\/ayuda.xubio.com\/es-mx\/cual-es-el-metodo-de-pago-que-se-debe-registrar-en-el-cfdi-por-el-valor-total-de-la-operacion-en-el-caso-de-pago-en-parcialidades-o-pago-diferido\/\">\u00bfCu\u00e1l es el m\u00e9todo de pago que se debe registrar en el CFDI por el valor total de la operaci\u00f3n en el caso de pago en parcialidades o pago diferido?<\/a><\/p>\n<p class=\"fusion-clearfix\"><a href=\"https:\/\/ayuda.xubio.com\/es-mx\/como-se-deben-reflejar-los-impuestos-retenidos-y-trasladados-en-el-cfdi-version-3-3\/\">\u00bfC\u00f3mo se deben reflejar los impuestos retenidos y trasladados en el CFDI versi\u00f3n 3.3?<\/a><\/p>\n<\/article>\n<\/div><div class=\"fusion-clearfix\"><\/div><\/div><\/div><\/div><\/div><\/p>\n","protected":false},"excerpt":{"rendered":"","protected":false},"author":5,"featured_media":0,"parent":1694,"menu_order":1,"comment_status":"closed","ping_status":"closed","template":"100-width.php","meta":{"inline_featured_image":false,"footnotes":""},"class_list":["post-4323","page","type-page","status-publish","hentry"],"yoast_head":"<!-- This site is optimized with the Yoast SEO plugin v24.9 - https:\/\/yoast.com\/wordpress\/plugins\/seo\/ -->\n<title>Factura electr\u00f3nica - Xubio Ayuda<\/title>\n<meta name=\"robots\" content=\"index, follow, max-snippet:-1, max-image-preview:large, max-video-preview:-1\" \/>\n<link rel=\"canonical\" href=\"https:\/\/ayuda.xubio.com\/es-mx\/empresas\/factura-electronica\/\" \/>\n<meta property=\"og:locale\" content=\"es_MX\" \/>\n<meta property=\"og:type\" content=\"article\" \/>\n<meta property=\"og:title\" content=\"Factura electr\u00f3nica - Xubio Ayuda\" \/>\n<meta property=\"og:url\" content=\"https:\/\/ayuda.xubio.com\/es-mx\/empresas\/factura-electronica\/\" \/>\n<meta property=\"og:site_name\" content=\"Xubio Ayuda\" \/>\n<meta property=\"article:publisher\" content=\"http:\/\/www.facebook.com\/XubioCompany\" \/>\n<meta property=\"article:modified_time\" content=\"2022-12-06T15:31:44+00:00\" \/>\n<meta name=\"twitter:card\" content=\"summary_large_image\" \/>\n<meta name=\"twitter:label1\" content=\"Tiempo de lectura\" \/>\n\t<meta name=\"twitter:data1\" content=\"4 minutos\" \/>\n<script type=\"application\/ld+json\" class=\"yoast-schema-graph\">{\"@context\":\"https:\/\/schema.org\",\"@graph\":[{\"@type\":\"WebPage\",\"@id\":\"https:\/\/ayuda.xubio.com\/es-mx\/empresas\/factura-electronica\/\",\"url\":\"https:\/\/ayuda.xubio.com\/es-mx\/empresas\/factura-electronica\/\",\"name\":\"Factura electr\u00f3nica - Xubio Ayuda\",\"isPartOf\":{\"@id\":\"https:\/\/ayuda.xubio.com\/es-mx\/#website\"},\"datePublished\":\"2019-04-26T13:41:29+00:00\",\"dateModified\":\"2022-12-06T15:31:44+00:00\",\"breadcrumb\":{\"@id\":\"https:\/\/ayuda.xubio.com\/es-mx\/empresas\/factura-electronica\/#breadcrumb\"},\"inLanguage\":\"es\",\"potentialAction\":[{\"@type\":\"ReadAction\",\"target\":[\"https:\/\/ayuda.xubio.com\/es-mx\/empresas\/factura-electronica\/\"]}]},{\"@type\":\"BreadcrumbList\",\"@id\":\"https:\/\/ayuda.xubio.com\/es-mx\/empresas\/factura-electronica\/#breadcrumb\",\"itemListElement\":[{\"@type\":\"ListItem\",\"position\":1,\"name\":\"Xubio\",\"item\":\"https:\/\/ayuda.xubio.com\/es-mx\/\"},{\"@type\":\"ListItem\",\"position\":2,\"name\":\"Empresas\",\"item\":\"https:\/\/ayuda.xubio.com\/es-mx\/\"},{\"@type\":\"ListItem\",\"position\":3,\"name\":\"Factura electr\u00f3nica\"}]},{\"@type\":\"WebSite\",\"@id\":\"https:\/\/ayuda.xubio.com\/es-mx\/#website\",\"url\":\"https:\/\/ayuda.xubio.com\/es-mx\/\",\"name\":\"Xubio Ayuda\",\"description\":\"\",\"publisher\":{\"@id\":\"https:\/\/ayuda.xubio.com\/es-mx\/#organization\"},\"potentialAction\":[{\"@type\":\"SearchAction\",\"target\":{\"@type\":\"EntryPoint\",\"urlTemplate\":\"https:\/\/ayuda.xubio.com\/es-mx\/?s={search_term_string}\"},\"query-input\":{\"@type\":\"PropertyValueSpecification\",\"valueRequired\":true,\"valueName\":\"search_term_string\"}}],\"inLanguage\":\"es\"},{\"@type\":\"Organization\",\"@id\":\"https:\/\/ayuda.xubio.com\/es-mx\/#organization\",\"name\":\"Xubio\",\"url\":\"https:\/\/ayuda.xubio.com\/es-mx\/\",\"logo\":{\"@type\":\"ImageObject\",\"inLanguage\":\"es\",\"@id\":\"https:\/\/ayuda.xubio.com\/es-mx\/#\/schema\/logo\/image\/\",\"url\":\"https:\/\/ayuda.xubio.com\/wp-content\/uploads\/2017\/11\/logo_xubio_header.png\",\"contentUrl\":\"https:\/\/ayuda.xubio.com\/wp-content\/uploads\/2017\/11\/logo_xubio_header.png\",\"width\":161,\"height\":42,\"caption\":\"Xubio\"},\"image\":{\"@id\":\"https:\/\/ayuda.xubio.com\/es-mx\/#\/schema\/logo\/image\/\"},\"sameAs\":[\"http:\/\/www.facebook.com\/XubioCompany\"]}]}<\/script>\n<!-- \/ Yoast SEO plugin. -->","yoast_head_json":{"title":"Factura electr\u00f3nica - Xubio Ayuda","robots":{"index":"index","follow":"follow","max-snippet":"max-snippet:-1","max-image-preview":"max-image-preview:large","max-video-preview":"max-video-preview:-1"},"canonical":"https:\/\/ayuda.xubio.com\/es-mx\/empresas\/factura-electronica\/","og_locale":"es_MX","og_type":"article","og_title":"Factura electr\u00f3nica - Xubio Ayuda","og_url":"https:\/\/ayuda.xubio.com\/es-mx\/empresas\/factura-electronica\/","og_site_name":"Xubio Ayuda","article_publisher":"http:\/\/www.facebook.com\/XubioCompany","article_modified_time":"2022-12-06T15:31:44+00:00","twitter_card":"summary_large_image","twitter_misc":{"Tiempo de lectura":"4 minutos"},"schema":{"@context":"https:\/\/schema.org","@graph":[{"@type":"WebPage","@id":"https:\/\/ayuda.xubio.com\/es-mx\/empresas\/factura-electronica\/","url":"https:\/\/ayuda.xubio.com\/es-mx\/empresas\/factura-electronica\/","name":"Factura electr\u00f3nica - Xubio Ayuda","isPartOf":{"@id":"https:\/\/ayuda.xubio.com\/es-mx\/#website"},"datePublished":"2019-04-26T13:41:29+00:00","dateModified":"2022-12-06T15:31:44+00:00","breadcrumb":{"@id":"https:\/\/ayuda.xubio.com\/es-mx\/empresas\/factura-electronica\/#breadcrumb"},"inLanguage":"es","potentialAction":[{"@type":"ReadAction","target":["https:\/\/ayuda.xubio.com\/es-mx\/empresas\/factura-electronica\/"]}]},{"@type":"BreadcrumbList","@id":"https:\/\/ayuda.xubio.com\/es-mx\/empresas\/factura-electronica\/#breadcrumb","itemListElement":[{"@type":"ListItem","position":1,"name":"Xubio","item":"https:\/\/ayuda.xubio.com\/es-mx\/"},{"@type":"ListItem","position":2,"name":"Empresas","item":"https:\/\/ayuda.xubio.com\/es-mx\/"},{"@type":"ListItem","position":3,"name":"Factura electr\u00f3nica"}]},{"@type":"WebSite","@id":"https:\/\/ayuda.xubio.com\/es-mx\/#website","url":"https:\/\/ayuda.xubio.com\/es-mx\/","name":"Xubio Ayuda","description":"","publisher":{"@id":"https:\/\/ayuda.xubio.com\/es-mx\/#organization"},"potentialAction":[{"@type":"SearchAction","target":{"@type":"EntryPoint","urlTemplate":"https:\/\/ayuda.xubio.com\/es-mx\/?s={search_term_string}"},"query-input":{"@type":"PropertyValueSpecification","valueRequired":true,"valueName":"search_term_string"}}],"inLanguage":"es"},{"@type":"Organization","@id":"https:\/\/ayuda.xubio.com\/es-mx\/#organization","name":"Xubio","url":"https:\/\/ayuda.xubio.com\/es-mx\/","logo":{"@type":"ImageObject","inLanguage":"es","@id":"https:\/\/ayuda.xubio.com\/es-mx\/#\/schema\/logo\/image\/","url":"https:\/\/ayuda.xubio.com\/wp-content\/uploads\/2017\/11\/logo_xubio_header.png","contentUrl":"https:\/\/ayuda.xubio.com\/wp-content\/uploads\/2017\/11\/logo_xubio_header.png","width":161,"height":42,"caption":"Xubio"},"image":{"@id":"https:\/\/ayuda.xubio.com\/es-mx\/#\/schema\/logo\/image\/"},"sameAs":["http:\/\/www.facebook.com\/XubioCompany"]}]}},"_links":{"self":[{"href":"https:\/\/ayuda.xubio.com\/es-mx\/wp-json\/wp\/v2\/pages\/4323","targetHints":{"allow":["GET"]}}],"collection":[{"href":"https:\/\/ayuda.xubio.com\/es-mx\/wp-json\/wp\/v2\/pages"}],"about":[{"href":"https:\/\/ayuda.xubio.com\/es-mx\/wp-json\/wp\/v2\/types\/page"}],"author":[{"embeddable":true,"href":"https:\/\/ayuda.xubio.com\/es-mx\/wp-json\/wp\/v2\/users\/5"}],"replies":[{"embeddable":true,"href":"https:\/\/ayuda.xubio.com\/es-mx\/wp-json\/wp\/v2\/comments?post=4323"}],"version-history":[{"count":5,"href":"https:\/\/ayuda.xubio.com\/es-mx\/wp-json\/wp\/v2\/pages\/4323\/revisions"}],"predecessor-version":[{"id":10077,"href":"https:\/\/ayuda.xubio.com\/es-mx\/wp-json\/wp\/v2\/pages\/4323\/revisions\/10077"}],"up":[{"embeddable":true,"href":"https:\/\/ayuda.xubio.com\/es-mx\/wp-json\/wp\/v2\/pages\/1694"}],"wp:attachment":[{"href":"https:\/\/ayuda.xubio.com\/es-mx\/wp-json\/wp\/v2\/media?parent=4323"}],"curies":[{"name":"wp","href":"https:\/\/api.w.org\/{rel}","templated":true}]}}