{"id":1714,"date":"2018-09-11T17:40:59","date_gmt":"2018-09-11T17:40:59","guid":{"rendered":"https:\/\/ayuda.xubio.com\/empresas\/reportes\/"},"modified":"2019-01-25T10:23:16","modified_gmt":"2019-01-25T13:23:16","slug":"reportes","status":"publish","type":"page","link":"https:\/\/ayuda.xubio.com\/es-mx\/empresas\/reportes\/","title":{"rendered":"Reportes"},"content":{"rendered":"<p><div class=\"fusion-fullwidth fullwidth-box fusion-builder-row-1 fusion-parallax-none nonhundred-percent-fullwidth non-hundred-percent-height-scrolling\" style=\"background-color: rgba(255,255,255,0);background-image: url(&quot;https:\/\/ayuda.xubio.com\/wp-content\/uploads\/2018\/09\/fondo_imagen_azul-1.png&quot;);background-position: center center;background-repeat: no-repeat;padding-top:100px;padding-right:0px;padding-bottom:100px;padding-left:0px;margin-bottom: 30px;margin-top: 0px;border-width: 0px 0px 0px 0px;border-color:#eae9e9;border-style:solid;-webkit-background-size:cover;-moz-background-size:cover;-o-background-size:cover;background-size:cover;\" ><div class=\"fusion-builder-row fusion-row\"><div class=\"fusion-layout-column fusion_builder_column fusion-builder-column-0 fusion_builder_column_1_1 1_1 fusion-one-full fusion-column-first fusion-column-last\" style=\"margin-top:0px;margin-bottom:20px;\"><div class=\"fusion-column-wrapper fusion-flex-column-wrapper-legacy\" style=\"background-position:left top;background-repeat:no-repeat;-webkit-background-size:cover;-moz-background-size:cover;-o-background-size:cover;background-size:cover;padding: 0px 0px 0px 0px;\"><div class=\"fusion-clearfix\"><\/div><\/div><\/div><\/div><\/div>\n<div class=\"fusion-fullwidth fullwidth-box fusion-builder-row-2 nonhundred-percent-fullwidth non-hundred-percent-height-scrolling\" style=\"background-color: rgba(255,255,255,0);background-position: center center;background-repeat: no-repeat;padding-top:10px;padding-right:0px;padding-bottom:10px;padding-left:0px;margin-bottom: 20px;margin-top: 50px;border-width: 0px 0px 0px 0px;border-color:#eae9e9;border-style:solid;\" ><div class=\"fusion-builder-row fusion-row\"><div class=\"fusion-layout-column fusion_builder_column fusion-builder-column-1 fusion_builder_column_1_1 1_1 fusion-one-full fusion-column-first fusion-column-last\" style=\"margin-top:0px;margin-bottom:20px;\"><div class=\"fusion-column-wrapper fusion-flex-column-wrapper-legacy\" style=\"background-position:left top;background-repeat:no-repeat;-webkit-background-size:cover;-moz-background-size:cover;-o-background-size:cover;background-size:cover;padding: 0px 0px 0px 0px;\"><div class=\"fusion-text fusion-text-1\"><p class=\"h2titulocategoria\">Reportes<\/p>\n<\/div><div class=\"fusion-clearfix\"><\/div><\/div><\/div><\/div><\/div><div class=\"fusion-fullwidth fullwidth-box fusion-builder-row-3 nonhundred-percent-fullwidth non-hundred-percent-height-scrolling\" style=\"background-color: rgba(255,255,255,0);background-position: center center;background-repeat: no-repeat;padding-top:10px;padding-right:0px;padding-bottom:10px;padding-left:0px;margin-bottom: 20px;margin-top: 20px;border-width: 0px 0px 0px 0px;border-color:#eae9e9;border-style:solid;\" ><div class=\"fusion-builder-row fusion-row\"><div class=\"fusion-layout-column fusion_builder_column fusion-builder-column-2 fusion_builder_column_1_2 1_2 fusion-one-half fusion-column-first\" style=\"width:50%;width:calc(50% - ( ( 4% ) * 0.5 ) );margin-right: 4%;margin-top:0px;margin-bottom:20px;\"><div class=\"fusion-column-wrapper fusion-flex-column-wrapper-legacy\" style=\"background-position:left top;background-repeat:no-repeat;-webkit-background-size:cover;-moz-background-size:cover;-o-background-size:cover;background-size:cover;padding: 0px 0px 0px 0px;\"><div class=\"fusion-text fusion-text-2\"><p class=\"h2estilotitulocategoria\">Ventas<\/p>\n<\/div><div class=\"fusion-blog-shortcode fusion-blog-shortcode-1 fusion-blog-archive fusion-blog-layout-medium fusion-blog-no fusion-blog-no-images blogpreguntas\"><div class=\"fusion-posts-container fusion-posts-container-no fusion-no-meta-info\" data-pages=\"1\"><article id=\"blog-1-post-3234\" class=\"fusion-post-medium post-3234 post type-post status-publish format-standard hentry category-ventas-reportes-emp category-ventas-reportes-cont category-reportes-de-ventas-ventas-cont category-primeros-pasos-mi-informacion category-reporte-de-ventas-ventas-emp\">\n<div class=\"fusion-post-content post-content\"><h2 class=\"blog-shortcode-post-title entry-title\"><a href=\"https:\/\/ayuda.xubio.com\/es-mx\/como-veo-mis-cuentas-cobrar\/\">\u00bfC\u00f3mo veo mis cuentas por cobrar?<\/a><\/h2><\/div><div class=\"fusion-clearfix\"><\/div><\/article>\n<article id=\"blog-1-post-3316\" class=\"fusion-post-medium post-3316 post type-post status-publish format-standard hentry category-ventas-reportes-emp category-ventas-reportes-cont\">\n<div class=\"fusion-post-content post-content\"><h2 class=\"blog-shortcode-post-title entry-title\"><a href=\"https:\/\/ayuda.xubio.com\/es-mx\/como-veo-mi-tablero-de-ventas\/\">\u00bfC\u00f3mo veo mi tablero de ventas?<\/a><\/h2><\/div><div class=\"fusion-clearfix\"><\/div><\/article>\n<article id=\"blog-1-post-3320\" class=\"fusion-post-medium post-3320 post type-post status-publish format-standard hentry category-ventas-reportes-emp category-ventas-reportes-cont\">\n<div class=\"fusion-post-content post-content\"><h2 class=\"blog-shortcode-post-title entry-title\"><a href=\"https:\/\/ayuda.xubio.com\/es-mx\/como-veo-mi-tablero-cotizaciones\/\">\u00bfC\u00f3mo veo mi tablero de cotizaciones?<\/a><\/h2><\/div><div class=\"fusion-clearfix\"><\/div><\/article>\n<article id=\"blog-1-post-3252\" class=\"fusion-post-medium post-3252 post type-post status-publish format-standard hentry category-reportes-de-ventas-ventas-cont category-ventas-reportes-emp category-ventas-reportes-cont category-reporte-de-ventas-ventas-emp\">\n<div class=\"fusion-post-content post-content\"><h2 class=\"blog-shortcode-post-title entry-title\"><a href=\"https:\/\/ayuda.xubio.com\/es-mx\/como-veo-los-saldos-mis-clientes\/\">\u00bfC\u00f3mo veo los saldos de mis clientes?<\/a><\/h2><\/div><div class=\"fusion-clearfix\"><\/div><\/article>\n<article id=\"blog-1-post-3264\" class=\"fusion-post-medium post-3264 post type-post status-publish format-standard hentry category-ventas-reportes-emp category-ventas-reportes-cont\">\n<div class=\"fusion-post-content post-content\"><h2 class=\"blog-shortcode-post-title entry-title\"><a href=\"https:\/\/ayuda.xubio.com\/es-mx\/como-veo-las-comisiones-vendedores\/\">\u00bfC\u00f3mo veo las comisiones de mis vendedores?<\/a><\/h2><\/div><div class=\"fusion-clearfix\"><\/div><\/article>\n<article id=\"blog-1-post-2268\" class=\"fusion-post-medium post-2268 post type-post status-publish format-standard hentry category-ventas-reportes-emp category-ventas-reportes-cont\">\n<div class=\"fusion-post-content post-content\"><h2 class=\"blog-shortcode-post-title entry-title\"><a href=\"https:\/\/ayuda.xubio.com\/es-mx\/como-veo-la-vision-general\/\">\u00bfC\u00f3mo veo la visi\u00f3n general de mi empresa en Xubio M\u00e9xico?<\/a><\/h2><\/div><div class=\"fusion-clearfix\"><\/div><\/article>\n<article id=\"blog-1-post-2883\" class=\"fusion-post-medium post-2883 post type-post status-publish format-standard hentry category-ventas-reportes-cont category-ventas-reportes-emp\">\n<div class=\"fusion-post-content post-content\"><h2 class=\"blog-shortcode-post-title entry-title\"><a href=\"https:\/\/ayuda.xubio.com\/es-mx\/como-veo-cuentas-clientes\/\">\u00bfC\u00f3mo veo la cuenta de mis clientes?<\/a><\/h2><\/div><div class=\"fusion-clearfix\"><\/div><\/article>\n<article id=\"blog-1-post-13819\" class=\"fusion-post-medium post-13819 post type-post status-publish format-standard hentry category-ventas-reportes-emp category-comprobantes-de-venta-ventas-cont category-ventas-cont category-comprobantes-de-venta-ventas-emp category-contador category-empresas-es-mx\">\n<div class=\"fusion-post-content post-content\"><h2 class=\"blog-shortcode-post-title entry-title\"><a href=\"https:\/\/ayuda.xubio.com\/es-mx\/como-timbro-mis-notas-de-credito\/\">\u00bfC\u00f3mo timbro mis notas de cr\u00e9dito?<\/a><\/h2><\/div><div class=\"fusion-clearfix\"><\/div><\/article>\n<article id=\"blog-1-post-13822\" class=\"fusion-post-medium post-13822 post type-post status-publish format-standard hentry category-ventas-reportes-emp category-comprobantes-de-venta-ventas-cont category-ventas-cont category-comprobantes-de-venta-ventas-emp category-contador category-empresas-es-mx\">\n<div class=\"fusion-post-content post-content\"><h2 class=\"blog-shortcode-post-title entry-title\"><a href=\"https:\/\/ayuda.xubio.com\/es-mx\/como-timbro-mis-cobros\/\">\u00bfC\u00f3mo timbro mis cobros?<\/a><\/h2><\/div><div class=\"fusion-clearfix\"><\/div><\/article>\n<article id=\"blog-1-post-3257\" class=\"fusion-post-medium post-3257 post type-post status-publish format-standard hentry category-ventas-reportes-emp category-ventas-reportes-cont\">\n<div class=\"fusion-post-content post-content\"><h2 class=\"blog-shortcode-post-title entry-title\"><a href=\"https:\/\/ayuda.xubio.com\/es-mx\/como-obtengo-analisis-mis-remisiones-venta\/\">\u00bfC\u00f3mo obtengo un an\u00e1lisis de mis remisiones de venta?<\/a><\/h2><\/div><div class=\"fusion-clearfix\"><\/div><\/article>\n<article id=\"blog-1-post-3260\" class=\"fusion-post-medium post-3260 post type-post status-publish format-standard hentry category-ventas-reportes-emp category-ventas-reportes-cont\">\n<div class=\"fusion-post-content post-content\"><h2 class=\"blog-shortcode-post-title entry-title\"><a href=\"https:\/\/ayuda.xubio.com\/es-mx\/como-obtengo-un-analisis-de-cotizaciones\/\">\u00bfC\u00f3mo obtengo un an\u00e1lisis de mis cotizaciones?<\/a><\/h2><\/div><div class=\"fusion-clearfix\"><\/div><\/article>\n<article id=\"blog-1-post-3598\" class=\"fusion-post-medium post-3598 post type-post status-publish format-standard hentry category-ventas-reportes-emp category-ventas-reportes-cont\">\n<div class=\"fusion-post-content post-content\"><h2 class=\"blog-shortcode-post-title entry-title\"><a href=\"https:\/\/ayuda.xubio.com\/es-mx\/como-obtengo-analisis-comprobantes-ventas\/\">\u00bfC\u00f3mo obtengo un an\u00e1lisis de mis comprobantes de venta?<\/a><\/h2><\/div><div class=\"fusion-clearfix\"><\/div><\/article>\n<\/div><\/div><div class=\"fusion-clearfix\"><\/div><\/div><\/div><div class=\"fusion-layout-column fusion_builder_column fusion-builder-column-3 fusion_builder_column_1_2 1_2 fusion-one-half fusion-column-last\" style=\"width:50%;width:calc(50% - ( ( 4% ) * 0.5 ) );margin-top:0px;margin-bottom:20px;\"><div class=\"fusion-column-wrapper fusion-flex-column-wrapper-legacy\" style=\"background-position:left top;background-repeat:no-repeat;-webkit-background-size:cover;-moz-background-size:cover;-o-background-size:cover;background-size:cover;padding: 0px 0px 0px 0px;\"><div class=\"fusion-text fusion-text-3\"><p class=\"h2estilotitulocategoria\">Compras<\/p>\n<\/div><div class=\"fusion-blog-shortcode fusion-blog-shortcode-2 fusion-blog-archive fusion-blog-layout-medium fusion-blog-no fusion-blog-no-images blogpreguntas\"><div class=\"fusion-posts-container fusion-posts-container-no fusion-no-meta-info\" data-pages=\"1\"><article id=\"blog-2-post-3267\" class=\"fusion-post-medium post-3267 post type-post status-publish format-standard hentry category-compras-reportes-emp category-compras-reportes-cont category-reportes-compras-emp category-reportes-compras-cont\">\n<div class=\"fusion-post-content post-content\"><h2 class=\"blog-shortcode-post-title entry-title\"><a href=\"https:\/\/ayuda.xubio.com\/es-mx\/como-veo-mis-cuentas-pagar\/\">\u00bfC\u00f3mo veo mis Cuentas por  Pagar?<\/a><\/h2><\/div><div class=\"fusion-clearfix\"><\/div><\/article>\n<article id=\"blog-2-post-3323\" class=\"fusion-post-medium post-3323 post type-post status-publish format-standard hentry category-compras-reportes-emp category-compras-reportes-cont\">\n<div class=\"fusion-post-content post-content\"><h2 class=\"blog-shortcode-post-title entry-title\"><a href=\"https:\/\/ayuda.xubio.com\/es-mx\/como-obtengo-un-analisis-de-mis-remitos-de-compra\/\">\u00bfC\u00f3mo obtengo un an\u00e1lisis de mis remisiones de compra?<\/a><\/h2><\/div><div class=\"fusion-clearfix\"><\/div><\/article>\n<article id=\"blog-2-post-3271\" class=\"fusion-post-medium post-3271 post type-post status-publish format-standard hentry category-compras-reportes-emp category-compras-reportes-cont\">\n<div class=\"fusion-post-content post-content\"><h2 class=\"blog-shortcode-post-title entry-title\"><a href=\"https:\/\/ayuda.xubio.com\/es-mx\/como-obtengo-un-analisis-comprobantes-compra\/\">\u00bfC\u00f3mo obtengo un an\u00e1lisis de mis comprobantes de compra?<\/a><\/h2><\/div><div class=\"fusion-clearfix\"><\/div><\/article>\n<\/div><\/div><div class=\"fusion-clearfix\"><\/div><\/div><\/div><\/div><\/div><div class=\"fusion-fullwidth fullwidth-box fusion-builder-row-4 nonhundred-percent-fullwidth non-hundred-percent-height-scrolling\" style=\"background-color: rgba(255,255,255,0);background-position: center center;background-repeat: no-repeat;padding-top:10px;padding-right:0px;padding-bottom:10px;padding-left:0px;margin-bottom: 20px;margin-top: 20px;border-width: 0px 0px 0px 0px;border-color:#eae9e9;border-style:solid;\" ><div class=\"fusion-builder-row fusion-row\"><div class=\"fusion-layout-column fusion_builder_column fusion-builder-column-4 fusion_builder_column_1_2 1_2 fusion-one-half fusion-column-first\" style=\"width:50%;width:calc(50% - ( ( 4% ) * 0.5 ) );margin-right: 4%;margin-top:0px;margin-bottom:20px;\"><div class=\"fusion-column-wrapper fusion-flex-column-wrapper-legacy\" style=\"background-position:left top;background-repeat:no-repeat;-webkit-background-size:cover;-moz-background-size:cover;-o-background-size:cover;background-size:cover;padding: 0px 0px 0px 0px;\"><div class=\"fusion-text fusion-text-4\"><p class=\"h2estilotitulocategoria\">Finanzas<\/p>\n<\/div><div class=\"fusion-blog-shortcode fusion-blog-shortcode-3 fusion-blog-archive fusion-blog-layout-medium fusion-blog-no fusion-blog-no-images blogpreguntas\"><div class=\"fusion-posts-container fusion-posts-container-no fusion-no-meta-info\" data-pages=\"1\"><article id=\"blog-3-post-3293\" class=\"fusion-post-medium post-3293 post type-post status-publish format-standard hentry category-primeros-pasos-mi-informacion category-finanzas-reportes-cont category-finanzas-reportes-emp\">\n<div class=\"fusion-post-content post-content\"><h2 class=\"blog-shortcode-post-title entry-title\"><a href=\"https:\/\/ayuda.xubio.com\/es-mx\/como-veo-mis-pagos\/\">\u00bfC\u00f3mo veo mis pagos?<\/a><\/h2><\/div><div class=\"fusion-clearfix\"><\/div><\/article>\n<article id=\"blog-3-post-3288\" class=\"fusion-post-medium post-3288 post type-post status-publish format-standard hentry category-finanzas-reportes-emp category-finanzas-reportes-cont\">\n<div class=\"fusion-post-content post-content\"><h2 class=\"blog-shortcode-post-title entry-title\"><a href=\"https:\/\/ayuda.xubio.com\/es-mx\/como-veo-mis-cobranza\/\">\u00bfComo veo mis cobranzas?<\/a><\/h2><\/div><div class=\"fusion-clearfix\"><\/div><\/article>\n<article id=\"blog-3-post-3301\" class=\"fusion-post-medium post-3301 post type-post status-publish format-standard hentry category-finanzas-reportes-emp category-finanzas-reportes-cont\">\n<div class=\"fusion-post-content post-content\"><h2 class=\"blog-shortcode-post-title entry-title\"><a href=\"https:\/\/ayuda.xubio.com\/es-mx\/como-obtengo-un-analisis-detallado-de-mis-pagos-2\/\">\u00bfC\u00f3mo obtengo un an\u00e1lisis detallado de mis pagos?<\/a><\/h2><\/div><div class=\"fusion-clearfix\"><\/div><\/article>\n<article id=\"blog-3-post-3297\" class=\"fusion-post-medium post-3297 post type-post status-publish format-standard hentry category-finanzas-reportes-emp category-finanzas-reportes-cont\">\n<div class=\"fusion-post-content post-content\"><h2 class=\"blog-shortcode-post-title entry-title\"><a href=\"https:\/\/ayuda.xubio.com\/es-mx\/como-obtengo-un-analisis-detallado-cobranzas\/\">\u00bfC\u00f3mo obtengo un an\u00e1lisis detallado de mis cobranzas?<\/a><\/h2><\/div><div class=\"fusion-clearfix\"><\/div><\/article>\n<\/div><\/div><div class=\"fusion-clearfix\"><\/div><\/div><\/div><div class=\"fusion-layout-column fusion_builder_column fusion-builder-column-5 fusion_builder_column_1_2 1_2 fusion-one-half fusion-column-last\" style=\"width:50%;width:calc(50% - ( ( 4% ) * 0.5 ) );margin-top:0px;margin-bottom:20px;\"><div class=\"fusion-column-wrapper fusion-flex-column-wrapper-legacy\" style=\"background-position:left top;background-repeat:no-repeat;-webkit-background-size:cover;-moz-background-size:cover;-o-background-size:cover;background-size:cover;padding: 0px 0px 0px 0px;\"><div class=\"fusion-text fusion-text-5\"><p class=\"h2estilotitulocategoria\">Inventario<\/p>\n<\/div><div class=\"fusion-blog-shortcode fusion-blog-shortcode-4 fusion-blog-archive fusion-blog-layout-medium fusion-blog-no fusion-blog-no-images blogpreguntas\"><div class=\"fusion-posts-container fusion-posts-container-no fusion-no-meta-info\" data-pages=\"1\"><article id=\"blog-4-post-2446\" class=\"fusion-post-medium post-2446 post type-post status-publish format-standard hentry category-inventario-reportes-emp category-inventario-emp category-inventario-reportes-cont category-inventario-cont\">\n<div class=\"fusion-post-content post-content\"><h2 class=\"blog-shortcode-post-title entry-title\"><a href=\"https:\/\/ayuda.xubio.com\/es-mx\/como-veo-mi-inventario\/\">\u00bfC\u00f3mo veo mi inventario?<\/a><\/h2><\/div><div class=\"fusion-clearfix\"><\/div><\/article>\n<article id=\"blog-4-post-3329\" class=\"fusion-post-medium post-3329 post type-post status-publish format-standard hentry category-inventario-reportes-emp category-inventario-emp category-inventario-reportes-cont category-inventario-cont\">\n<div class=\"fusion-post-content post-content\"><h2 class=\"blog-shortcode-post-title entry-title\"><a href=\"https:\/\/ayuda.xubio.com\/es-mx\/como-veo-los-movimientos-inventario\/\">\u00bfC\u00f3mo veo los movimientos de mi inventario?<\/a><\/h2><\/div><div class=\"fusion-clearfix\"><\/div><\/article>\n<\/div><\/div><div class=\"fusion-clearfix\"><\/div><\/div><\/div><\/div><\/div><\/p>\n","protected":false},"excerpt":{"rendered":"","protected":false},"author":4,"featured_media":0,"parent":1694,"menu_order":2,"comment_status":"closed","ping_status":"closed","template":"100-width.php","meta":{"inline_featured_image":false,"footnotes":""},"class_list":["post-1714","page","type-page","status-publish","hentry"],"yoast_head":"<!-- This site is optimized with the Yoast SEO plugin v24.9 - https:\/\/yoast.com\/wordpress\/plugins\/seo\/ -->\n<title>Reportes - Xubio Ayuda<\/title>\n<meta name=\"robots\" content=\"index, follow, max-snippet:-1, max-image-preview:large, max-video-preview:-1\" \/>\n<link rel=\"canonical\" href=\"https:\/\/ayuda.xubio.com\/es-mx\/empresas\/reportes\/\" \/>\n<meta property=\"og:locale\" content=\"es_MX\" \/>\n<meta property=\"og:type\" content=\"article\" \/>\n<meta property=\"og:title\" content=\"Reportes - Xubio Ayuda\" \/>\n<meta property=\"og:url\" content=\"https:\/\/ayuda.xubio.com\/es-mx\/empresas\/reportes\/\" \/>\n<meta property=\"og:site_name\" content=\"Xubio Ayuda\" \/>\n<meta property=\"article:publisher\" content=\"http:\/\/www.facebook.com\/XubioCompany\" \/>\n<meta property=\"article:modified_time\" content=\"2019-01-25T13:23:16+00:00\" \/>\n<meta name=\"twitter:card\" content=\"summary_large_image\" \/>\n<meta name=\"twitter:label1\" content=\"Tiempo de lectura\" \/>\n\t<meta name=\"twitter:data1\" content=\"6 minutos\" \/>\n<script type=\"application\/ld+json\" class=\"yoast-schema-graph\">{\"@context\":\"https:\/\/schema.org\",\"@graph\":[{\"@type\":\"WebPage\",\"@id\":\"https:\/\/ayuda.xubio.com\/es-mx\/empresas\/reportes\/\",\"url\":\"https:\/\/ayuda.xubio.com\/es-mx\/empresas\/reportes\/\",\"name\":\"Reportes - Xubio Ayuda\",\"isPartOf\":{\"@id\":\"https:\/\/ayuda.xubio.com\/es-mx\/#website\"},\"datePublished\":\"2018-09-11T17:40:59+00:00\",\"dateModified\":\"2019-01-25T13:23:16+00:00\",\"breadcrumb\":{\"@id\":\"https:\/\/ayuda.xubio.com\/es-mx\/empresas\/reportes\/#breadcrumb\"},\"inLanguage\":\"es\",\"potentialAction\":[{\"@type\":\"ReadAction\",\"target\":[\"https:\/\/ayuda.xubio.com\/es-mx\/empresas\/reportes\/\"]}]},{\"@type\":\"BreadcrumbList\",\"@id\":\"https:\/\/ayuda.xubio.com\/es-mx\/empresas\/reportes\/#breadcrumb\",\"itemListElement\":[{\"@type\":\"ListItem\",\"position\":1,\"name\":\"Xubio\",\"item\":\"https:\/\/ayuda.xubio.com\/es-mx\/\"},{\"@type\":\"ListItem\",\"position\":2,\"name\":\"Empresas\",\"item\":\"https:\/\/ayuda.xubio.com\/es-mx\/\"},{\"@type\":\"ListItem\",\"position\":3,\"name\":\"Reportes\"}]},{\"@type\":\"WebSite\",\"@id\":\"https:\/\/ayuda.xubio.com\/es-mx\/#website\",\"url\":\"https:\/\/ayuda.xubio.com\/es-mx\/\",\"name\":\"Xubio Ayuda\",\"description\":\"\",\"publisher\":{\"@id\":\"https:\/\/ayuda.xubio.com\/es-mx\/#organization\"},\"potentialAction\":[{\"@type\":\"SearchAction\",\"target\":{\"@type\":\"EntryPoint\",\"urlTemplate\":\"https:\/\/ayuda.xubio.com\/es-mx\/?s={search_term_string}\"},\"query-input\":{\"@type\":\"PropertyValueSpecification\",\"valueRequired\":true,\"valueName\":\"search_term_string\"}}],\"inLanguage\":\"es\"},{\"@type\":\"Organization\",\"@id\":\"https:\/\/ayuda.xubio.com\/es-mx\/#organization\",\"name\":\"Xubio\",\"url\":\"https:\/\/ayuda.xubio.com\/es-mx\/\",\"logo\":{\"@type\":\"ImageObject\",\"inLanguage\":\"es\",\"@id\":\"https:\/\/ayuda.xubio.com\/es-mx\/#\/schema\/logo\/image\/\",\"url\":\"https:\/\/ayuda.xubio.com\/wp-content\/uploads\/2017\/11\/logo_xubio_header.png\",\"contentUrl\":\"https:\/\/ayuda.xubio.com\/wp-content\/uploads\/2017\/11\/logo_xubio_header.png\",\"width\":161,\"height\":42,\"caption\":\"Xubio\"},\"image\":{\"@id\":\"https:\/\/ayuda.xubio.com\/es-mx\/#\/schema\/logo\/image\/\"},\"sameAs\":[\"http:\/\/www.facebook.com\/XubioCompany\"]}]}<\/script>\n<!-- \/ Yoast SEO plugin. -->","yoast_head_json":{"title":"Reportes - Xubio Ayuda","robots":{"index":"index","follow":"follow","max-snippet":"max-snippet:-1","max-image-preview":"max-image-preview:large","max-video-preview":"max-video-preview:-1"},"canonical":"https:\/\/ayuda.xubio.com\/es-mx\/empresas\/reportes\/","og_locale":"es_MX","og_type":"article","og_title":"Reportes - Xubio Ayuda","og_url":"https:\/\/ayuda.xubio.com\/es-mx\/empresas\/reportes\/","og_site_name":"Xubio Ayuda","article_publisher":"http:\/\/www.facebook.com\/XubioCompany","article_modified_time":"2019-01-25T13:23:16+00:00","twitter_card":"summary_large_image","twitter_misc":{"Tiempo de lectura":"6 minutos"},"schema":{"@context":"https:\/\/schema.org","@graph":[{"@type":"WebPage","@id":"https:\/\/ayuda.xubio.com\/es-mx\/empresas\/reportes\/","url":"https:\/\/ayuda.xubio.com\/es-mx\/empresas\/reportes\/","name":"Reportes - Xubio Ayuda","isPartOf":{"@id":"https:\/\/ayuda.xubio.com\/es-mx\/#website"},"datePublished":"2018-09-11T17:40:59+00:00","dateModified":"2019-01-25T13:23:16+00:00","breadcrumb":{"@id":"https:\/\/ayuda.xubio.com\/es-mx\/empresas\/reportes\/#breadcrumb"},"inLanguage":"es","potentialAction":[{"@type":"ReadAction","target":["https:\/\/ayuda.xubio.com\/es-mx\/empresas\/reportes\/"]}]},{"@type":"BreadcrumbList","@id":"https:\/\/ayuda.xubio.com\/es-mx\/empresas\/reportes\/#breadcrumb","itemListElement":[{"@type":"ListItem","position":1,"name":"Xubio","item":"https:\/\/ayuda.xubio.com\/es-mx\/"},{"@type":"ListItem","position":2,"name":"Empresas","item":"https:\/\/ayuda.xubio.com\/es-mx\/"},{"@type":"ListItem","position":3,"name":"Reportes"}]},{"@type":"WebSite","@id":"https:\/\/ayuda.xubio.com\/es-mx\/#website","url":"https:\/\/ayuda.xubio.com\/es-mx\/","name":"Xubio Ayuda","description":"","publisher":{"@id":"https:\/\/ayuda.xubio.com\/es-mx\/#organization"},"potentialAction":[{"@type":"SearchAction","target":{"@type":"EntryPoint","urlTemplate":"https:\/\/ayuda.xubio.com\/es-mx\/?s={search_term_string}"},"query-input":{"@type":"PropertyValueSpecification","valueRequired":true,"valueName":"search_term_string"}}],"inLanguage":"es"},{"@type":"Organization","@id":"https:\/\/ayuda.xubio.com\/es-mx\/#organization","name":"Xubio","url":"https:\/\/ayuda.xubio.com\/es-mx\/","logo":{"@type":"ImageObject","inLanguage":"es","@id":"https:\/\/ayuda.xubio.com\/es-mx\/#\/schema\/logo\/image\/","url":"https:\/\/ayuda.xubio.com\/wp-content\/uploads\/2017\/11\/logo_xubio_header.png","contentUrl":"https:\/\/ayuda.xubio.com\/wp-content\/uploads\/2017\/11\/logo_xubio_header.png","width":161,"height":42,"caption":"Xubio"},"image":{"@id":"https:\/\/ayuda.xubio.com\/es-mx\/#\/schema\/logo\/image\/"},"sameAs":["http:\/\/www.facebook.com\/XubioCompany"]}]}},"_links":{"self":[{"href":"https:\/\/ayuda.xubio.com\/es-mx\/wp-json\/wp\/v2\/pages\/1714","targetHints":{"allow":["GET"]}}],"collection":[{"href":"https:\/\/ayuda.xubio.com\/es-mx\/wp-json\/wp\/v2\/pages"}],"about":[{"href":"https:\/\/ayuda.xubio.com\/es-mx\/wp-json\/wp\/v2\/types\/page"}],"author":[{"embeddable":true,"href":"https:\/\/ayuda.xubio.com\/es-mx\/wp-json\/wp\/v2\/users\/4"}],"replies":[{"embeddable":true,"href":"https:\/\/ayuda.xubio.com\/es-mx\/wp-json\/wp\/v2\/comments?post=1714"}],"version-history":[{"count":2,"href":"https:\/\/ayuda.xubio.com\/es-mx\/wp-json\/wp\/v2\/pages\/1714\/revisions"}],"predecessor-version":[{"id":3965,"href":"https:\/\/ayuda.xubio.com\/es-mx\/wp-json\/wp\/v2\/pages\/1714\/revisions\/3965"}],"up":[{"embeddable":true,"href":"https:\/\/ayuda.xubio.com\/es-mx\/wp-json\/wp\/v2\/pages\/1694"}],"wp:attachment":[{"href":"https:\/\/ayuda.xubio.com\/es-mx\/wp-json\/wp\/v2\/media?parent=1714"}],"curies":[{"name":"wp","href":"https:\/\/api.w.org\/{rel}","templated":true}]}}