{"id":1708,"date":"2018-09-11T17:57:57","date_gmt":"2018-09-11T17:57:57","guid":{"rendered":"https:\/\/ayuda.xubio.com\/empresas\/contabilidad\/"},"modified":"2024-06-27T16:36:13","modified_gmt":"2024-06-27T19:36:13","slug":"contabilidad","status":"publish","type":"page","link":"https:\/\/ayuda.xubio.com\/es-mx\/empresas\/contabilidad\/","title":{"rendered":"Contabilidad"},"content":{"rendered":"<p><div class=\"fusion-fullwidth fullwidth-box fusion-builder-row-1 fusion-parallax-none nonhundred-percent-fullwidth non-hundred-percent-height-scrolling\" style=\"background-color: rgba(255,255,255,0);background-image: url(&quot;https:\/\/ayuda.xubio.com\/wp-content\/uploads\/2018\/09\/fondo_imagen_azul-1.png&quot;);background-position: center center;background-repeat: no-repeat;padding-top:100px;padding-right:0px;padding-bottom:100px;padding-left:0px;margin-bottom: 30px;margin-top: 0px;border-width: 0px 0px 0px 0px;border-color:#eae9e9;border-style:solid;-webkit-background-size:cover;-moz-background-size:cover;-o-background-size:cover;background-size:cover;\" ><div class=\"fusion-builder-row fusion-row\"><div class=\"fusion-layout-column fusion_builder_column fusion-builder-column-0 fusion_builder_column_1_1 1_1 fusion-one-full fusion-column-first fusion-column-last\" style=\"margin-top:0px;margin-bottom:20px;\"><div class=\"fusion-column-wrapper fusion-flex-column-wrapper-legacy\" style=\"background-position:left top;background-repeat:no-repeat;-webkit-background-size:cover;-moz-background-size:cover;-o-background-size:cover;background-size:cover;padding: 0px 0px 0px 0px;\"><div class=\"fusion-clearfix\"><\/div><\/div><\/div><\/div><\/div>\n<div class=\"fusion-fullwidth fullwidth-box fusion-builder-row-2 nonhundred-percent-fullwidth non-hundred-percent-height-scrolling\" style=\"background-color: rgba(255,255,255,0);background-position: center center;background-repeat: no-repeat;padding-top:10px;padding-right:0px;padding-bottom:10px;padding-left:0px;margin-bottom: 20px;margin-top: 50px;border-width: 0px 0px 0px 0px;border-color:#eae9e9;border-style:solid;\" ><div class=\"fusion-builder-row fusion-row\"><div class=\"fusion-layout-column fusion_builder_column fusion-builder-column-1 fusion_builder_column_1_1 1_1 fusion-one-full fusion-column-first fusion-column-last\" style=\"margin-top:0px;margin-bottom:20px;\"><div class=\"fusion-column-wrapper fusion-flex-column-wrapper-legacy\" style=\"background-position:left top;background-repeat:no-repeat;-webkit-background-size:cover;-moz-background-size:cover;-o-background-size:cover;background-size:cover;padding: 0px 0px 0px 0px;\"><div class=\"fusion-text fusion-text-1\"><p class=\"h2titulocategoria\">Contabilidad<\/p>\n<\/div><div class=\"fusion-clearfix\"><\/div><\/div><\/div><\/div><\/div><div class=\"fusion-fullwidth fullwidth-box fusion-builder-row-3 nonhundred-percent-fullwidth non-hundred-percent-height-scrolling\" style=\"background-color: rgba(255,255,255,0);background-position: center center;background-repeat: no-repeat;padding-top:10px;padding-right:0px;padding-bottom:10px;padding-left:0px;margin-bottom: 20px;margin-top: 20px;border-width: 0px 0px 0px 0px;border-color:#eae9e9;border-style:solid;\" ><div class=\"fusion-builder-row fusion-row\"><div class=\"fusion-layout-column fusion_builder_column fusion-builder-column-2 fusion_builder_column_1_2 1_2 fusion-one-half fusion-column-first\" style=\"width:50%;width:calc(50% - ( ( 4% ) * 0.5 ) );margin-right: 4%;margin-top:0px;margin-bottom:20px;\"><div class=\"fusion-column-wrapper fusion-flex-column-wrapper-legacy\" style=\"background-position:left top;background-repeat:no-repeat;-webkit-background-size:cover;-moz-background-size:cover;-o-background-size:cover;background-size:cover;padding: 0px 0px 0px 0px;\"><div class=\"fusion-text fusion-text-2\"><p class=\"h2estilotitulocategoria\">Operaciones<\/p>\n<\/div><div class=\"fusion-text fusion-text-3\" style=\"line-height:38px;\"><article id=\"blog-1-post-10031\" class=\"fusion-post-medium post-10031 post type-post status-publish format-standard hentry category-reportescontables23\">\n<div class=\"fusion-post-content post-content\">\n<article id=\"blog-1-post-3231\" class=\"fusion-post-medium post-3231 post type-post status-publish format-standard hentry category-contabilidad-cont category-contabilidad-emp category-mi-informacion-primeros-pasos-cont category-mi-informacion-primeros-pasos-emp category-operacionesconta23\">\n<div class=\"fusion-post-content post-content\">\n<p class=\"blog-shortcode-post-title entry-title fusion-responsive-typography-calculated\" data-fontsize=\"18\" data-lineheight=\"27px\"><a href=\"https:\/\/ayuda.xubio.com\/es-mx\/como-ingreso-nueva-cuenta-contable\/\">\u00bfC\u00f3mo ingreso una nueva cuenta contable?<\/a><\/p>\n<\/div>\n<p class=\"fusion-clearfix\"><a href=\"https:\/\/ayuda.xubio.com\/es-mx\/como-importo-mis-cuentas-contables-en-xubio\/\">\u00bfC\u00f3mo importo mis cuentas contables en Xubio M\u00e9xico?<\/a><\/p>\n<p class=\"fusion-clearfix\"><a href=\"https:\/\/ayuda.xubio.com\/es-mx\/como-ingreso-un-nuevo-ejercicio-contable\/\">\u00bfC\u00f3mo ingreso un nuevo ejercicio contable?<\/a><\/p>\n<p class=\"fusion-clearfix\"><a href=\"https:\/\/ayuda.xubio.com\/es-mx\/como-ingreso-un-nuevo-centro-de-costo\/\">\u00bfC\u00f3mo ingreso un nuevo centro de costo?<\/a><\/p>\n<p class=\"fusion-clearfix\"><a href=\"https:\/\/ayuda.xubio.com\/es-mx\/como-ingreso-nuevo-asiento-manual\/\">\u00bfC\u00f3mo ingreso un nuevo asiento manual?<\/a><\/p>\n<p class=\"fusion-clearfix\"><a href=\"https:\/\/ayuda.xubio.com\/es-mx\/como-ingreso-mis-saldos-iniciales\/\">\u00bfC\u00f3mo ingreso mis saldos iniciales?<\/a><\/p>\n<\/article>\n<\/div>\n<\/article>\n<\/div><div class=\"fusion-clearfix\"><\/div><\/div><\/div><div class=\"fusion-layout-column fusion_builder_column fusion-builder-column-3 fusion_builder_column_1_2 1_2 fusion-one-half fusion-column-last\" style=\"width:50%;width:calc(50% - ( ( 4% ) * 0.5 ) );margin-top:0px;margin-bottom:20px;\"><div class=\"fusion-column-wrapper fusion-flex-column-wrapper-legacy\" style=\"background-position:left top;background-repeat:no-repeat;-webkit-background-size:cover;-moz-background-size:cover;-o-background-size:cover;background-size:cover;padding: 0px 0px 0px 0px;\"><div class=\"fusion-text fusion-text-4\"><p class=\"h2estilotitulocategoria\">Reportes Contables<\/p>\n<\/div><div class=\"fusion-text fusion-text-5\" style=\"line-height:38px;\"><article id=\"blog-1-post-10031\" class=\"fusion-post-medium post-10031 post type-post status-publish format-standard hentry category-reportescontables23\">\n<div class=\"fusion-post-content post-content\">\n<p class=\"blog-shortcode-post-title entry-title fusion-responsive-typography-calculated\" data-fontsize=\"18\" data-lineheight=\"27px\"><a href=\"https:\/\/ayuda.xubio.com\/es-mx\/como-veo-resultados-mensuales-2\/\">\u00bfC\u00f3mo veo mis resultados mensuales?<\/a><\/p>\n<p class=\"blog-shortcode-post-title entry-title fusion-responsive-typography-calculated\" data-fontsize=\"18\" data-lineheight=\"27px\"><a href=\"https:\/\/ayuda.xubio.com\/es-mx\/como-veo-libro-diario-2\/\">\u00bfC\u00f3mo veo mi libro diario?<\/a><\/p>\n<p class=\"blog-shortcode-post-title entry-title fusion-responsive-typography-calculated\" data-fontsize=\"18\" data-lineheight=\"27px\"><a href=\"https:\/\/ayuda.xubio.com\/es-mx\/como-obtengo-mi-estado-situacion-financiera-2\/\">\u00bfC\u00f3mo obtengo mi estado de situaci\u00f3n financiera?<\/a><\/p>\n<p class=\"blog-shortcode-post-title entry-title fusion-responsive-typography-calculated\" data-fontsize=\"18\" data-lineheight=\"27px\"><a href=\"https:\/\/ayuda.xubio.com\/es-mx\/como-obtengo-estado-resultados\/\">\u00bfC\u00f3mo obtengo mi estado de resultados?<\/a><\/p>\n<p class=\"blog-shortcode-post-title entry-title fusion-responsive-typography-calculated\" data-fontsize=\"18\" data-lineheight=\"27px\"><a href=\"https:\/\/ayuda.xubio.com\/es-mx\/como-obtengo-mi-balanza-de-comprobacion-2\/\">\u00bfC\u00f3mo obtengo mi balanza de comprobaci\u00f3n?<\/a><\/p>\n<p class=\"blog-shortcode-post-title entry-title fusion-responsive-typography-calculated\" data-fontsize=\"18\" data-lineheight=\"27px\"><a href=\"https:\/\/ayuda.xubio.com\/es-mx\/como-modifico-mi-plan-cuentas-xubio-mexico\/\">\u00bfC\u00f3mo modifico mi cat\u00e1logo de cuentas en Xubio M\u00e9xico?<\/a><\/p>\n<\/div>\n<\/article>\n<\/div><div class=\"fusion-clearfix\"><\/div><\/div><\/div><\/div><\/div><\/p>\n","protected":false},"excerpt":{"rendered":"","protected":false},"author":4,"featured_media":0,"parent":1694,"menu_order":8,"comment_status":"closed","ping_status":"closed","template":"100-width.php","meta":{"inline_featured_image":false,"footnotes":""},"class_list":["post-1708","page","type-page","status-publish","hentry"],"yoast_head":"<!-- This site is optimized with the Yoast SEO plugin v24.9 - https:\/\/yoast.com\/wordpress\/plugins\/seo\/ -->\n<title>Contabilidad - Xubio Ayuda<\/title>\n<meta name=\"robots\" content=\"index, follow, max-snippet:-1, max-image-preview:large, max-video-preview:-1\" \/>\n<link rel=\"canonical\" href=\"https:\/\/ayuda.xubio.com\/es-mx\/empresas\/contabilidad\/\" \/>\n<meta property=\"og:locale\" content=\"es_MX\" \/>\n<meta property=\"og:type\" content=\"article\" \/>\n<meta property=\"og:title\" content=\"Contabilidad - Xubio Ayuda\" \/>\n<meta property=\"og:url\" content=\"https:\/\/ayuda.xubio.com\/es-mx\/empresas\/contabilidad\/\" \/>\n<meta property=\"og:site_name\" content=\"Xubio Ayuda\" \/>\n<meta property=\"article:publisher\" content=\"http:\/\/www.facebook.com\/XubioCompany\" \/>\n<meta property=\"article:modified_time\" content=\"2024-06-27T19:36:13+00:00\" \/>\n<meta name=\"twitter:card\" content=\"summary_large_image\" \/>\n<meta name=\"twitter:label1\" content=\"Tiempo de lectura\" \/>\n\t<meta name=\"twitter:data1\" content=\"3 minutos\" \/>\n<script type=\"application\/ld+json\" class=\"yoast-schema-graph\">{\"@context\":\"https:\/\/schema.org\",\"@graph\":[{\"@type\":\"WebPage\",\"@id\":\"https:\/\/ayuda.xubio.com\/es-mx\/empresas\/contabilidad\/\",\"url\":\"https:\/\/ayuda.xubio.com\/es-mx\/empresas\/contabilidad\/\",\"name\":\"Contabilidad - Xubio Ayuda\",\"isPartOf\":{\"@id\":\"https:\/\/ayuda.xubio.com\/es-mx\/#website\"},\"datePublished\":\"2018-09-11T17:57:57+00:00\",\"dateModified\":\"2024-06-27T19:36:13+00:00\",\"breadcrumb\":{\"@id\":\"https:\/\/ayuda.xubio.com\/es-mx\/empresas\/contabilidad\/#breadcrumb\"},\"inLanguage\":\"es\",\"potentialAction\":[{\"@type\":\"ReadAction\",\"target\":[\"https:\/\/ayuda.xubio.com\/es-mx\/empresas\/contabilidad\/\"]}]},{\"@type\":\"BreadcrumbList\",\"@id\":\"https:\/\/ayuda.xubio.com\/es-mx\/empresas\/contabilidad\/#breadcrumb\",\"itemListElement\":[{\"@type\":\"ListItem\",\"position\":1,\"name\":\"Xubio\",\"item\":\"https:\/\/ayuda.xubio.com\/es-mx\/\"},{\"@type\":\"ListItem\",\"position\":2,\"name\":\"Empresas\",\"item\":\"https:\/\/ayuda.xubio.com\/es-mx\/\"},{\"@type\":\"ListItem\",\"position\":3,\"name\":\"Contabilidad\"}]},{\"@type\":\"WebSite\",\"@id\":\"https:\/\/ayuda.xubio.com\/es-mx\/#website\",\"url\":\"https:\/\/ayuda.xubio.com\/es-mx\/\",\"name\":\"Xubio Ayuda\",\"description\":\"\",\"publisher\":{\"@id\":\"https:\/\/ayuda.xubio.com\/es-mx\/#organization\"},\"potentialAction\":[{\"@type\":\"SearchAction\",\"target\":{\"@type\":\"EntryPoint\",\"urlTemplate\":\"https:\/\/ayuda.xubio.com\/es-mx\/?s={search_term_string}\"},\"query-input\":{\"@type\":\"PropertyValueSpecification\",\"valueRequired\":true,\"valueName\":\"search_term_string\"}}],\"inLanguage\":\"es\"},{\"@type\":\"Organization\",\"@id\":\"https:\/\/ayuda.xubio.com\/es-mx\/#organization\",\"name\":\"Xubio\",\"url\":\"https:\/\/ayuda.xubio.com\/es-mx\/\",\"logo\":{\"@type\":\"ImageObject\",\"inLanguage\":\"es\",\"@id\":\"https:\/\/ayuda.xubio.com\/es-mx\/#\/schema\/logo\/image\/\",\"url\":\"https:\/\/ayuda.xubio.com\/wp-content\/uploads\/2017\/11\/logo_xubio_header.png\",\"contentUrl\":\"https:\/\/ayuda.xubio.com\/wp-content\/uploads\/2017\/11\/logo_xubio_header.png\",\"width\":161,\"height\":42,\"caption\":\"Xubio\"},\"image\":{\"@id\":\"https:\/\/ayuda.xubio.com\/es-mx\/#\/schema\/logo\/image\/\"},\"sameAs\":[\"http:\/\/www.facebook.com\/XubioCompany\"]}]}<\/script>\n<!-- \/ Yoast SEO plugin. -->","yoast_head_json":{"title":"Contabilidad - Xubio Ayuda","robots":{"index":"index","follow":"follow","max-snippet":"max-snippet:-1","max-image-preview":"max-image-preview:large","max-video-preview":"max-video-preview:-1"},"canonical":"https:\/\/ayuda.xubio.com\/es-mx\/empresas\/contabilidad\/","og_locale":"es_MX","og_type":"article","og_title":"Contabilidad - Xubio Ayuda","og_url":"https:\/\/ayuda.xubio.com\/es-mx\/empresas\/contabilidad\/","og_site_name":"Xubio Ayuda","article_publisher":"http:\/\/www.facebook.com\/XubioCompany","article_modified_time":"2024-06-27T19:36:13+00:00","twitter_card":"summary_large_image","twitter_misc":{"Tiempo de lectura":"3 minutos"},"schema":{"@context":"https:\/\/schema.org","@graph":[{"@type":"WebPage","@id":"https:\/\/ayuda.xubio.com\/es-mx\/empresas\/contabilidad\/","url":"https:\/\/ayuda.xubio.com\/es-mx\/empresas\/contabilidad\/","name":"Contabilidad - Xubio Ayuda","isPartOf":{"@id":"https:\/\/ayuda.xubio.com\/es-mx\/#website"},"datePublished":"2018-09-11T17:57:57+00:00","dateModified":"2024-06-27T19:36:13+00:00","breadcrumb":{"@id":"https:\/\/ayuda.xubio.com\/es-mx\/empresas\/contabilidad\/#breadcrumb"},"inLanguage":"es","potentialAction":[{"@type":"ReadAction","target":["https:\/\/ayuda.xubio.com\/es-mx\/empresas\/contabilidad\/"]}]},{"@type":"BreadcrumbList","@id":"https:\/\/ayuda.xubio.com\/es-mx\/empresas\/contabilidad\/#breadcrumb","itemListElement":[{"@type":"ListItem","position":1,"name":"Xubio","item":"https:\/\/ayuda.xubio.com\/es-mx\/"},{"@type":"ListItem","position":2,"name":"Empresas","item":"https:\/\/ayuda.xubio.com\/es-mx\/"},{"@type":"ListItem","position":3,"name":"Contabilidad"}]},{"@type":"WebSite","@id":"https:\/\/ayuda.xubio.com\/es-mx\/#website","url":"https:\/\/ayuda.xubio.com\/es-mx\/","name":"Xubio Ayuda","description":"","publisher":{"@id":"https:\/\/ayuda.xubio.com\/es-mx\/#organization"},"potentialAction":[{"@type":"SearchAction","target":{"@type":"EntryPoint","urlTemplate":"https:\/\/ayuda.xubio.com\/es-mx\/?s={search_term_string}"},"query-input":{"@type":"PropertyValueSpecification","valueRequired":true,"valueName":"search_term_string"}}],"inLanguage":"es"},{"@type":"Organization","@id":"https:\/\/ayuda.xubio.com\/es-mx\/#organization","name":"Xubio","url":"https:\/\/ayuda.xubio.com\/es-mx\/","logo":{"@type":"ImageObject","inLanguage":"es","@id":"https:\/\/ayuda.xubio.com\/es-mx\/#\/schema\/logo\/image\/","url":"https:\/\/ayuda.xubio.com\/wp-content\/uploads\/2017\/11\/logo_xubio_header.png","contentUrl":"https:\/\/ayuda.xubio.com\/wp-content\/uploads\/2017\/11\/logo_xubio_header.png","width":161,"height":42,"caption":"Xubio"},"image":{"@id":"https:\/\/ayuda.xubio.com\/es-mx\/#\/schema\/logo\/image\/"},"sameAs":["http:\/\/www.facebook.com\/XubioCompany"]}]}},"_links":{"self":[{"href":"https:\/\/ayuda.xubio.com\/es-mx\/wp-json\/wp\/v2\/pages\/1708","targetHints":{"allow":["GET"]}}],"collection":[{"href":"https:\/\/ayuda.xubio.com\/es-mx\/wp-json\/wp\/v2\/pages"}],"about":[{"href":"https:\/\/ayuda.xubio.com\/es-mx\/wp-json\/wp\/v2\/types\/page"}],"author":[{"embeddable":true,"href":"https:\/\/ayuda.xubio.com\/es-mx\/wp-json\/wp\/v2\/users\/4"}],"replies":[{"embeddable":true,"href":"https:\/\/ayuda.xubio.com\/es-mx\/wp-json\/wp\/v2\/comments?post=1708"}],"version-history":[{"count":13,"href":"https:\/\/ayuda.xubio.com\/es-mx\/wp-json\/wp\/v2\/pages\/1708\/revisions"}],"predecessor-version":[{"id":14848,"href":"https:\/\/ayuda.xubio.com\/es-mx\/wp-json\/wp\/v2\/pages\/1708\/revisions\/14848"}],"up":[{"embeddable":true,"href":"https:\/\/ayuda.xubio.com\/es-mx\/wp-json\/wp\/v2\/pages\/1694"}],"wp:attachment":[{"href":"https:\/\/ayuda.xubio.com\/es-mx\/wp-json\/wp\/v2\/media?parent=1708"}],"curies":[{"name":"wp","href":"https:\/\/api.w.org\/{rel}","templated":true}]}}