{"id":9753,"date":"2022-08-31T13:58:54","date_gmt":"2022-08-31T16:58:54","guid":{"rendered":"https:\/\/ayuda.xubio.com\/?page_id=9753"},"modified":"2022-08-31T15:35:48","modified_gmt":"2022-08-31T18:35:48","slug":"recepcion-electronica","status":"publish","type":"page","link":"https:\/\/ayuda.xubio.com\/es-co\/empresas-2\/recepcion-electronica\/","title":{"rendered":"Recepci\u00f3n Electr\u00f3nica"},"content":{"rendered":"<p><div class=\"fusion-fullwidth fullwidth-box fusion-builder-row-1 fusion-parallax-none nonhundred-percent-fullwidth non-hundred-percent-height-scrolling\" style=\"background-color: rgba(255,255,255,0);background-image: url(&quot;https:\/\/ayuda.xubio.com\/wp-content\/uploads\/2018\/09\/fondo_imagen_azul-1.png&quot;);background-position: center center;background-repeat: no-repeat;padding-top:100px;padding-right:0px;padding-bottom:100px;padding-left:0px;margin-bottom: 30px;margin-top: 0px;border-width: 0px 0px 0px 0px;border-color:#eae9e9;border-style:solid;-webkit-background-size:cover;-moz-background-size:cover;-o-background-size:cover;background-size:cover;\" ><div class=\"fusion-builder-row fusion-row\"><div class=\"fusion-layout-column fusion_builder_column fusion-builder-column-0 fusion_builder_column_1_4 1_4 fusion-one-fourth fusion-column-first\" style=\"width:25%;width:calc(25% - ( ( 4% + 4% ) * 0.25 ) );margin-right: 4%;margin-top:0px;margin-bottom:20px;\"><div class=\"fusion-column-wrapper fusion-flex-column-wrapper-legacy\" style=\"background-position:left top;background-repeat:no-repeat;-webkit-background-size:cover;-moz-background-size:cover;-o-background-size:cover;background-size:cover;padding: 0px 0px 0px 0px;\"><div class=\"fusion-clearfix\"><\/div><\/div><\/div><div class=\"fusion-layout-column fusion_builder_column fusion-builder-column-1 fusion_builder_column_1_2 1_2 fusion-one-half\" style=\"width:50%;width:calc(50% - ( ( 4% + 4% ) * 0.5 ) );margin-right: 4%;margin-top:0px;margin-bottom:20px;\"><div class=\"fusion-column-wrapper fusion-flex-column-wrapper-legacy\" style=\"background-position:left top;background-repeat:no-repeat;-webkit-background-size:cover;-moz-background-size:cover;-o-background-size:cover;background-size:cover;padding: 0px 0px 0px 0px;\"><div class=\"fusion-text fusion-text-1\"><form role=\"search\" method=\"get\" id=\"searchform\" action=\"https:\/\/ayuda.xubio.com\/es-co\/\" >\n    <div class=\"search\"><label class=\"screen-reader-text\" for=\"s\">Search for:<\/label>\n\t<input type=\"text\" class=\"frTxtAyuda\" placeholder=\"\u00bfC\u00f3mo podemos ayudarte?\" value=\"\" name=\"s\" id=\"s\" \/><span class=\"fa fa-search\"><\/span><\/div>\n\t<input type=\"submit\" id=\"searchsubmit\" style=\"display:none\" value=\"Buscar\" \/>\n\t<\/div><\/form>\n<\/div><div class=\"fusion-clearfix\"><\/div><\/div><\/div><div class=\"fusion-layout-column fusion_builder_column fusion-builder-column-2 fusion_builder_column_1_4 1_4 fusion-one-fourth fusion-column-last\" style=\"width:25%;width:calc(25% - ( ( 4% + 4% ) * 0.25 ) );margin-top:0px;margin-bottom:20px;\"><div class=\"fusion-column-wrapper fusion-flex-column-wrapper-legacy\" style=\"background-position:left top;background-repeat:no-repeat;-webkit-background-size:cover;-moz-background-size:cover;-o-background-size:cover;background-size:cover;padding: 0px 0px 0px 0px;\"><div class=\"fusion-clearfix\"><\/div><\/div><\/div><\/div><\/div>\n<div class=\"fusion-fullwidth fullwidth-box fusion-builder-row-2 nonhundred-percent-fullwidth non-hundred-percent-height-scrolling\" style=\"background-color: rgba(255,255,255,0);background-position: center center;background-repeat: no-repeat;padding-top:10px;padding-right:0px;padding-bottom:10px;padding-left:0px;margin-bottom: 20px;margin-top: 50px;border-width: 0px 0px 0px 0px;border-color:#eae9e9;border-style:solid;\" ><div class=\"fusion-builder-row fusion-row\"><div class=\"fusion-layout-column fusion_builder_column fusion-builder-column-3 fusion_builder_column_1_1 1_1 fusion-one-full fusion-column-first fusion-column-last\" style=\"margin-top:0px;margin-bottom:20px;\"><div class=\"fusion-column-wrapper fusion-flex-column-wrapper-legacy\" style=\"background-position:left top;background-repeat:no-repeat;-webkit-background-size:cover;-moz-background-size:cover;-o-background-size:cover;background-size:cover;padding: 0px 0px 0px 0px;\"><div class=\"fusion-text fusion-text-2\"><p class=\"h2titulocategoria\">Recepci\u00f3n Electr\u00f3nica<\/p>\n<\/div><div class=\"fusion-clearfix\"><\/div><\/div><\/div><\/div><\/div><div class=\"fusion-fullwidth fullwidth-box fusion-builder-row-3 nonhundred-percent-fullwidth non-hundred-percent-height-scrolling\" style=\"background-color: rgba(255,255,255,0);background-position: center center;background-repeat: no-repeat;padding-top:10px;padding-right:0px;padding-bottom:10px;padding-left:0px;margin-bottom: 20px;margin-top: 20px;border-width: 0px 0px 0px 0px;border-color:#eae9e9;border-style:solid;\" ><div class=\"fusion-builder-row fusion-row\"><div class=\"fusion-layout-column fusion_builder_column fusion-builder-column-4 fusion_builder_column_1_2 1_2 fusion-one-half fusion-column-first\" style=\"width:50%;width:calc(50% - ( ( 4% ) * 0.5 ) );margin-right: 4%;margin-top:0px;margin-bottom:20px;\"><div class=\"fusion-column-wrapper fusion-flex-column-wrapper-legacy\" style=\"background-position:left top;background-repeat:no-repeat;-webkit-background-size:cover;-moz-background-size:cover;-o-background-size:cover;background-size:cover;padding: 0px 0px 0px 0px;\"><div class=\"fusion-text fusion-text-3\"><p class=\"h2estilotitulocategoria\">Inquietudes<\/p>\n<\/div><div class=\"fusion-blog-shortcode fusion-blog-shortcode-1 fusion-blog-archive fusion-blog-layout-medium fusion-blog-no fusion-blog-no-images blogpreguntas\"><div class=\"fusion-posts-container fusion-posts-container-no fusion-no-meta-info\" data-pages=\"1\"><article id=\"blog-1-post-9699\" class=\"fusion-post-medium post-9699 post type-post status-publish format-standard hentry category-recepcion-electronica-inquietudes category-recepcion-electronica-co\">\n<div class=\"fusion-post-content post-content\"><h2 class=\"blog-shortcode-post-title entry-title\"><a href=\"https:\/\/ayuda.xubio.com\/es-co\/quienes-estan-obligados-a-generar-eventos-de-recepcion-electronica\/\">\u00bfQui\u00e9nes est\u00e1n obligados a generar eventos de Recepci\u00f3n Electr\u00f3nica?<\/a><\/h2><\/div><div class=\"fusion-clearfix\"><\/div><\/article>\n<article id=\"blog-1-post-9695\" class=\"fusion-post-medium post-9695 post type-post status-publish format-standard hentry category-recepcion-electronica-co category-recepcion-electronica-inquietudes\">\n<div class=\"fusion-post-content post-content\"><h2 class=\"blog-shortcode-post-title entry-title\"><a href=\"https:\/\/ayuda.xubio.com\/es-co\/que-es-recepcion-electronica\/\">\u00bfQu\u00e9 es Recepci\u00f3n Electr\u00f3nica?<\/a><\/h2><\/div><div class=\"fusion-clearfix\"><\/div><\/article>\n<article id=\"blog-1-post-9718\" class=\"fusion-post-medium post-9718 post type-post status-publish format-standard hentry category-recepcion-electronica-co category-recepcion-electronica-inquietudes\">\n<div class=\"fusion-post-content post-content\"><h2 class=\"blog-shortcode-post-title entry-title\"><a href=\"https:\/\/ayuda.xubio.com\/es-co\/que-es-el-evento-de-recibo-del-bien-o-prestacion-del-servicio\/\">\u00bfQu\u00e9 es el evento de Recibo del bien o prestaci\u00f3n del servicio?<\/a><\/h2><\/div><div class=\"fusion-clearfix\"><\/div><\/article>\n<article id=\"blog-1-post-9727\" class=\"fusion-post-medium post-9727 post type-post status-publish format-standard hentry category-recepcion-electronica-co category-recepcion-electronica-inquietudes\">\n<div class=\"fusion-post-content post-content\"><h2 class=\"blog-shortcode-post-title entry-title\"><a href=\"https:\/\/ayuda.xubio.com\/es-co\/que-es-el-evento-de-rechazo-de-la-factura-electronica-de-venta\/\">\u00bfQu\u00e9 es el evento de Rechazo de la Factura Electr\u00f3nica?<\/a><\/h2><\/div><div class=\"fusion-clearfix\"><\/div><\/article>\n<article id=\"blog-1-post-9722\" class=\"fusion-post-medium post-9722 post type-post status-publish format-standard hentry category-recepcion-electronica-co category-recepcion-electronica-inquietudes\">\n<div class=\"fusion-post-content post-content\"><h2 class=\"blog-shortcode-post-title entry-title\"><a href=\"https:\/\/ayuda.xubio.com\/es-co\/que-es-el-evento-de-aceptacion-expresa-de-la-factura-electronica-de-venta\/\">\u00bfQu\u00e9 es el evento de aceptaci\u00f3n expresa de la Factura Electr\u00f3nica de venta?<\/a><\/h2><\/div><div class=\"fusion-clearfix\"><\/div><\/article>\n<article id=\"blog-1-post-9713\" class=\"fusion-post-medium post-9713 post type-post status-publish format-standard hentry category-recepcion-electronica-co category-recepcion-electronica-inquietudes\">\n<div class=\"fusion-post-content post-content\"><h2 class=\"blog-shortcode-post-title entry-title\"><a href=\"https:\/\/ayuda.xubio.com\/es-co\/que-es-el-acuse-de-recibo-de-factura-electronica-de-venta\/\">\u00bfQu\u00e9 es el Acuse de recibo de Factura Electr\u00f3nica de Venta?<\/a><\/h2><\/div><div class=\"fusion-clearfix\"><\/div><\/article>\n<article id=\"blog-1-post-9704\" class=\"fusion-post-medium post-9704 post type-post status-publish format-standard hentry category-recepcion-electronica-co category-recepcion-electronica-inquietudes\">\n<div class=\"fusion-post-content post-content\"><h2 class=\"blog-shortcode-post-title entry-title\"><a href=\"https:\/\/ayuda.xubio.com\/es-co\/como-genero-eventos-de-recepcion-electronica\/\">\u00bfC\u00f3mo genero eventos de Recepci\u00f3n Electr\u00f3nica?<\/a><\/h2><\/div><div class=\"fusion-clearfix\"><\/div><\/article>\n<article id=\"blog-1-post-9708\" class=\"fusion-post-medium post-9708 post type-post status-publish format-standard hentry category-recepcion-electronica-co category-recepcion-electronica-inquietudes\">\n<div class=\"fusion-post-content post-content\"><h2 class=\"blog-shortcode-post-title entry-title\"><a href=\"https:\/\/ayuda.xubio.com\/es-co\/a-partir-de-cuando-es-obligatorio-generar-los-eventos\/\">\u00bfA partir de cu\u00e1ndo es obligatorio generar los eventos?<\/a><\/h2><\/div><div class=\"fusion-clearfix\"><\/div><\/article>\n<\/div><\/div><div class=\"fusion-clearfix\"><\/div><\/div><\/div><div class=\"fusion-layout-column fusion_builder_column fusion-builder-column-5 fusion_builder_column_1_2 1_2 fusion-one-half fusion-column-last\" style=\"width:50%;width:calc(50% - ( ( 4% ) * 0.5 ) );margin-top:0px;margin-bottom:20px;\"><div class=\"fusion-column-wrapper fusion-flex-column-wrapper-legacy\" style=\"background-position:left top;background-repeat:no-repeat;-webkit-background-size:cover;-moz-background-size:cover;-o-background-size:cover;background-size:cover;padding: 0px 0px 0px 0px;\"><div class=\"fusion-text fusion-text-4\"><p class=\"h2estilotitulocategoria\">Recepci\u00f3n Electr\u00f3nica en Xubio<\/p>\n<\/div><div class=\"fusion-blog-shortcode fusion-blog-shortcode-2 fusion-blog-archive fusion-blog-layout-medium fusion-blog-no fusion-blog-no-images blogpreguntas\"><div class=\"fusion-posts-container fusion-posts-container-no fusion-no-meta-info\" data-pages=\"1\"><article id=\"blog-2-post-9792\" class=\"fusion-post-medium post-9792 post type-post status-publish format-standard hentry category-recepcion-electronica-co category-recepcion-electronica-en-xubio\">\n<div class=\"fusion-post-content post-content\"><h2 class=\"blog-shortcode-post-title entry-title\"><a href=\"https:\/\/ayuda.xubio.com\/es-co\/como-generar-eventos-de-recepcion-electronica\/\">\u00bfC\u00f3mo generar eventos de Recepci\u00f3n Electr\u00f3nica?<\/a><\/h2><\/div><div class=\"fusion-clearfix\"><\/div><\/article>\n<article id=\"blog-2-post-9536\" class=\"fusion-post-medium post-9536 post type-post status-publish format-standard hentry category-recepcion-electronica-co category-recepcion-electronica-en-xubio\">\n<div class=\"fusion-post-content post-content\"><h2 class=\"blog-shortcode-post-title entry-title\"><a href=\"https:\/\/ayuda.xubio.com\/es-co\/como-funciona-recepcion-electronica\/\">\u00bfC\u00f3mo funciona Recepci\u00f3n Electr\u00f3nica?<\/a><\/h2><\/div><div class=\"fusion-clearfix\"><\/div><\/article>\n<article id=\"blog-2-post-9779\" class=\"fusion-post-medium post-9779 post type-post status-publish format-standard hentry category-recepcion-electronica-en-xubio category-recepcion-electronica-co\">\n<div class=\"fusion-post-content post-content\"><h2 class=\"blog-shortcode-post-title entry-title\"><a href=\"https:\/\/ayuda.xubio.com\/es-co\/como-firmar-el-contrato-de-mandato-para-recepcion-electronica\/\">\u00bfC\u00f3mo firmar el contrato de mandato para Recepci\u00f3n Electr\u00f3nica?<\/a><\/h2><\/div><div class=\"fusion-clearfix\"><\/div><\/article>\n<\/div><\/div><div class=\"fusion-clearfix\"><\/div><\/div><\/div><\/div><\/div><\/p>\n","protected":false},"excerpt":{"rendered":"","protected":false},"author":5,"featured_media":0,"parent":1778,"menu_order":1,"comment_status":"closed","ping_status":"closed","template":"100-width.php","meta":{"inline_featured_image":false,"footnotes":""},"class_list":["post-9753","page","type-page","status-publish","hentry"],"yoast_head":"<!-- This site is optimized with the Yoast SEO plugin v24.9 - https:\/\/yoast.com\/wordpress\/plugins\/seo\/ -->\n<title>Recepci\u00f3n Electr\u00f3nica - Xubio Ayuda<\/title>\n<meta name=\"robots\" content=\"index, follow, max-snippet:-1, max-image-preview:large, max-video-preview:-1\" \/>\n<link rel=\"canonical\" href=\"https:\/\/ayuda.xubio.com\/es-co\/empresas-2\/recepcion-electronica\/\" \/>\n<meta property=\"og:locale\" content=\"es_ES\" \/>\n<meta property=\"og:type\" content=\"article\" \/>\n<meta property=\"og:title\" content=\"Recepci\u00f3n Electr\u00f3nica - Xubio Ayuda\" \/>\n<meta property=\"og:url\" content=\"https:\/\/ayuda.xubio.com\/es-co\/empresas-2\/recepcion-electronica\/\" \/>\n<meta property=\"og:site_name\" content=\"Xubio Ayuda\" \/>\n<meta property=\"article:publisher\" content=\"http:\/\/www.facebook.com\/XubioCompany\" \/>\n<meta property=\"article:modified_time\" content=\"2022-08-31T18:35:48+00:00\" \/>\n<meta name=\"twitter:card\" content=\"summary_large_image\" \/>\n<meta name=\"twitter:label1\" content=\"Tiempo de lectura\" \/>\n\t<meta name=\"twitter:data1\" content=\"3 minutos\" \/>\n<script type=\"application\/ld+json\" class=\"yoast-schema-graph\">{\"@context\":\"https:\/\/schema.org\",\"@graph\":[{\"@type\":\"WebPage\",\"@id\":\"https:\/\/ayuda.xubio.com\/es-co\/empresas-2\/recepcion-electronica\/\",\"url\":\"https:\/\/ayuda.xubio.com\/es-co\/empresas-2\/recepcion-electronica\/\",\"name\":\"Recepci\u00f3n Electr\u00f3nica - Xubio Ayuda\",\"isPartOf\":{\"@id\":\"https:\/\/ayuda.xubio.com\/es-co\/#website\"},\"datePublished\":\"2022-08-31T16:58:54+00:00\",\"dateModified\":\"2022-08-31T18:35:48+00:00\",\"breadcrumb\":{\"@id\":\"https:\/\/ayuda.xubio.com\/es-co\/empresas-2\/recepcion-electronica\/#breadcrumb\"},\"inLanguage\":\"es-CO\",\"potentialAction\":[{\"@type\":\"ReadAction\",\"target\":[\"https:\/\/ayuda.xubio.com\/es-co\/empresas-2\/recepcion-electronica\/\"]}]},{\"@type\":\"BreadcrumbList\",\"@id\":\"https:\/\/ayuda.xubio.com\/es-co\/empresas-2\/recepcion-electronica\/#breadcrumb\",\"itemListElement\":[{\"@type\":\"ListItem\",\"position\":1,\"name\":\"Xubio\",\"item\":\"https:\/\/ayuda.xubio.com\/es-co\/\"},{\"@type\":\"ListItem\",\"position\":2,\"name\":\"Empresas\",\"item\":\"https:\/\/ayuda.xubio.com\/es-co\/\"},{\"@type\":\"ListItem\",\"position\":3,\"name\":\"Recepci\u00f3n Electr\u00f3nica\"}]},{\"@type\":\"WebSite\",\"@id\":\"https:\/\/ayuda.xubio.com\/es-co\/#website\",\"url\":\"https:\/\/ayuda.xubio.com\/es-co\/\",\"name\":\"Xubio Ayuda\",\"description\":\"\",\"publisher\":{\"@id\":\"https:\/\/ayuda.xubio.com\/es-co\/#organization\"},\"potentialAction\":[{\"@type\":\"SearchAction\",\"target\":{\"@type\":\"EntryPoint\",\"urlTemplate\":\"https:\/\/ayuda.xubio.com\/es-co\/?s={search_term_string}\"},\"query-input\":{\"@type\":\"PropertyValueSpecification\",\"valueRequired\":true,\"valueName\":\"search_term_string\"}}],\"inLanguage\":\"es-CO\"},{\"@type\":\"Organization\",\"@id\":\"https:\/\/ayuda.xubio.com\/es-co\/#organization\",\"name\":\"Xubio\",\"url\":\"https:\/\/ayuda.xubio.com\/es-co\/\",\"logo\":{\"@type\":\"ImageObject\",\"inLanguage\":\"es-CO\",\"@id\":\"https:\/\/ayuda.xubio.com\/es-co\/#\/schema\/logo\/image\/\",\"url\":\"https:\/\/ayuda.xubio.com\/wp-content\/uploads\/2017\/11\/logo_xubio_header.png\",\"contentUrl\":\"https:\/\/ayuda.xubio.com\/wp-content\/uploads\/2017\/11\/logo_xubio_header.png\",\"width\":161,\"height\":42,\"caption\":\"Xubio\"},\"image\":{\"@id\":\"https:\/\/ayuda.xubio.com\/es-co\/#\/schema\/logo\/image\/\"},\"sameAs\":[\"http:\/\/www.facebook.com\/XubioCompany\"]}]}<\/script>\n<!-- \/ Yoast SEO plugin. -->","yoast_head_json":{"title":"Recepci\u00f3n Electr\u00f3nica - Xubio Ayuda","robots":{"index":"index","follow":"follow","max-snippet":"max-snippet:-1","max-image-preview":"max-image-preview:large","max-video-preview":"max-video-preview:-1"},"canonical":"https:\/\/ayuda.xubio.com\/es-co\/empresas-2\/recepcion-electronica\/","og_locale":"es_ES","og_type":"article","og_title":"Recepci\u00f3n Electr\u00f3nica - Xubio Ayuda","og_url":"https:\/\/ayuda.xubio.com\/es-co\/empresas-2\/recepcion-electronica\/","og_site_name":"Xubio Ayuda","article_publisher":"http:\/\/www.facebook.com\/XubioCompany","article_modified_time":"2022-08-31T18:35:48+00:00","twitter_card":"summary_large_image","twitter_misc":{"Tiempo de lectura":"3 minutos"},"schema":{"@context":"https:\/\/schema.org","@graph":[{"@type":"WebPage","@id":"https:\/\/ayuda.xubio.com\/es-co\/empresas-2\/recepcion-electronica\/","url":"https:\/\/ayuda.xubio.com\/es-co\/empresas-2\/recepcion-electronica\/","name":"Recepci\u00f3n Electr\u00f3nica - Xubio Ayuda","isPartOf":{"@id":"https:\/\/ayuda.xubio.com\/es-co\/#website"},"datePublished":"2022-08-31T16:58:54+00:00","dateModified":"2022-08-31T18:35:48+00:00","breadcrumb":{"@id":"https:\/\/ayuda.xubio.com\/es-co\/empresas-2\/recepcion-electronica\/#breadcrumb"},"inLanguage":"es-CO","potentialAction":[{"@type":"ReadAction","target":["https:\/\/ayuda.xubio.com\/es-co\/empresas-2\/recepcion-electronica\/"]}]},{"@type":"BreadcrumbList","@id":"https:\/\/ayuda.xubio.com\/es-co\/empresas-2\/recepcion-electronica\/#breadcrumb","itemListElement":[{"@type":"ListItem","position":1,"name":"Xubio","item":"https:\/\/ayuda.xubio.com\/es-co\/"},{"@type":"ListItem","position":2,"name":"Empresas","item":"https:\/\/ayuda.xubio.com\/es-co\/"},{"@type":"ListItem","position":3,"name":"Recepci\u00f3n Electr\u00f3nica"}]},{"@type":"WebSite","@id":"https:\/\/ayuda.xubio.com\/es-co\/#website","url":"https:\/\/ayuda.xubio.com\/es-co\/","name":"Xubio Ayuda","description":"","publisher":{"@id":"https:\/\/ayuda.xubio.com\/es-co\/#organization"},"potentialAction":[{"@type":"SearchAction","target":{"@type":"EntryPoint","urlTemplate":"https:\/\/ayuda.xubio.com\/es-co\/?s={search_term_string}"},"query-input":{"@type":"PropertyValueSpecification","valueRequired":true,"valueName":"search_term_string"}}],"inLanguage":"es-CO"},{"@type":"Organization","@id":"https:\/\/ayuda.xubio.com\/es-co\/#organization","name":"Xubio","url":"https:\/\/ayuda.xubio.com\/es-co\/","logo":{"@type":"ImageObject","inLanguage":"es-CO","@id":"https:\/\/ayuda.xubio.com\/es-co\/#\/schema\/logo\/image\/","url":"https:\/\/ayuda.xubio.com\/wp-content\/uploads\/2017\/11\/logo_xubio_header.png","contentUrl":"https:\/\/ayuda.xubio.com\/wp-content\/uploads\/2017\/11\/logo_xubio_header.png","width":161,"height":42,"caption":"Xubio"},"image":{"@id":"https:\/\/ayuda.xubio.com\/es-co\/#\/schema\/logo\/image\/"},"sameAs":["http:\/\/www.facebook.com\/XubioCompany"]}]}},"_links":{"self":[{"href":"https:\/\/ayuda.xubio.com\/es-co\/wp-json\/wp\/v2\/pages\/9753","targetHints":{"allow":["GET"]}}],"collection":[{"href":"https:\/\/ayuda.xubio.com\/es-co\/wp-json\/wp\/v2\/pages"}],"about":[{"href":"https:\/\/ayuda.xubio.com\/es-co\/wp-json\/wp\/v2\/types\/page"}],"author":[{"embeddable":true,"href":"https:\/\/ayuda.xubio.com\/es-co\/wp-json\/wp\/v2\/users\/5"}],"replies":[{"embeddable":true,"href":"https:\/\/ayuda.xubio.com\/es-co\/wp-json\/wp\/v2\/comments?post=9753"}],"version-history":[{"count":7,"href":"https:\/\/ayuda.xubio.com\/es-co\/wp-json\/wp\/v2\/pages\/9753\/revisions"}],"predecessor-version":[{"id":9770,"href":"https:\/\/ayuda.xubio.com\/es-co\/wp-json\/wp\/v2\/pages\/9753\/revisions\/9770"}],"up":[{"embeddable":true,"href":"https:\/\/ayuda.xubio.com\/es-co\/wp-json\/wp\/v2\/pages\/1778"}],"wp:attachment":[{"href":"https:\/\/ayuda.xubio.com\/es-co\/wp-json\/wp\/v2\/media?parent=9753"}],"curies":[{"name":"wp","href":"https:\/\/api.w.org\/{rel}","templated":true}]}}