{"id":1766,"date":"2018-09-26T18:37:47","date_gmt":"2018-09-26T21:37:47","guid":{"rendered":"https:\/\/ayuda.xubio.com\/configuracion\/"},"modified":"2019-02-05T10:30:38","modified_gmt":"2019-02-05T13:30:38","slug":"configuracion","status":"publish","type":"page","link":"https:\/\/ayuda.xubio.com\/es-co\/empresas-2\/configuracion\/","title":{"rendered":"Configuraci\u00f3n"},"content":{"rendered":"<p><div class=\"fusion-fullwidth fullwidth-box fusion-builder-row-1 fusion-parallax-none nonhundred-percent-fullwidth non-hundred-percent-height-scrolling\" style=\"background-color: rgba(255,255,255,0);background-image: url(&quot;https:\/\/ayuda.xubio.com\/wp-content\/uploads\/2018\/09\/fondo_imagen_azul-1.png&quot;);background-position: center center;background-repeat: no-repeat;padding-top:100px;padding-right:0px;padding-bottom:100px;padding-left:0px;margin-bottom: 30px;margin-top: 0px;border-width: 0px 0px 0px 0px;border-color:#eae9e9;border-style:solid;-webkit-background-size:cover;-moz-background-size:cover;-o-background-size:cover;background-size:cover;\" ><div class=\"fusion-builder-row fusion-row\"><div class=\"fusion-layout-column fusion_builder_column fusion-builder-column-0 fusion_builder_column_1_4 1_4 fusion-one-fourth fusion-column-first\" style=\"width:25%;width:calc(25% - ( ( 4% + 4% ) * 0.25 ) );margin-right: 4%;margin-top:0px;margin-bottom:20px;\"><div class=\"fusion-column-wrapper fusion-flex-column-wrapper-legacy\" style=\"background-position:left top;background-repeat:no-repeat;-webkit-background-size:cover;-moz-background-size:cover;-o-background-size:cover;background-size:cover;padding: 0px 0px 0px 0px;\"><div class=\"fusion-clearfix\"><\/div><\/div><\/div><div class=\"fusion-layout-column fusion_builder_column fusion-builder-column-1 fusion_builder_column_1_2 1_2 fusion-one-half\" style=\"width:50%;width:calc(50% - ( ( 4% + 4% ) * 0.5 ) );margin-right: 4%;margin-top:0px;margin-bottom:20px;\"><div class=\"fusion-column-wrapper fusion-flex-column-wrapper-legacy\" style=\"background-position:left top;background-repeat:no-repeat;-webkit-background-size:cover;-moz-background-size:cover;-o-background-size:cover;background-size:cover;padding: 0px 0px 0px 0px;\"><div class=\"fusion-text fusion-text-1\"><form role=\"search\" method=\"get\" id=\"searchform\" action=\"https:\/\/ayuda.xubio.com\/es-co\/\" >\n    <div class=\"search\"><label class=\"screen-reader-text\" for=\"s\">Search for:<\/label>\n\t<input type=\"text\" class=\"frTxtAyuda\" placeholder=\"\u00bfC\u00f3mo podemos ayudarte?\" value=\"\" name=\"s\" id=\"s\" \/><span class=\"fa fa-search\"><\/span><\/div>\n\t<input type=\"submit\" id=\"searchsubmit\" style=\"display:none\" value=\"Buscar\" \/>\n\t<\/div><\/form>\n<\/div><div class=\"fusion-clearfix\"><\/div><\/div><\/div><div class=\"fusion-layout-column fusion_builder_column fusion-builder-column-2 fusion_builder_column_1_4 1_4 fusion-one-fourth fusion-column-last\" style=\"width:25%;width:calc(25% - ( ( 4% + 4% ) * 0.25 ) );margin-top:0px;margin-bottom:20px;\"><div class=\"fusion-column-wrapper fusion-flex-column-wrapper-legacy\" style=\"background-position:left top;background-repeat:no-repeat;-webkit-background-size:cover;-moz-background-size:cover;-o-background-size:cover;background-size:cover;padding: 0px 0px 0px 0px;\"><div class=\"fusion-clearfix\"><\/div><\/div><\/div><\/div><\/div>\n<div class=\"fusion-fullwidth fullwidth-box fusion-builder-row-2 nonhundred-percent-fullwidth non-hundred-percent-height-scrolling\" style=\"background-color: rgba(255,255,255,0);background-position: center center;background-repeat: no-repeat;padding-top:10px;padding-right:0px;padding-bottom:10px;padding-left:0px;margin-bottom: 20px;margin-top: 50px;border-width: 0px 0px 0px 0px;border-color:#eae9e9;border-style:solid;\" ><div class=\"fusion-builder-row fusion-row\"><div class=\"fusion-layout-column fusion_builder_column fusion-builder-column-3 fusion_builder_column_1_1 1_1 fusion-one-full fusion-column-first fusion-column-last\" style=\"margin-top:0px;margin-bottom:20px;\"><div class=\"fusion-column-wrapper fusion-flex-column-wrapper-legacy\" style=\"background-position:left top;background-repeat:no-repeat;-webkit-background-size:cover;-moz-background-size:cover;-o-background-size:cover;background-size:cover;padding: 0px 0px 0px 0px;\"><div class=\"fusion-text fusion-text-2\"><p class=\"h2titulocategoria\">Configuraci\u00f3n<\/p>\n<\/div><div class=\"fusion-clearfix\"><\/div><\/div><\/div><\/div><\/div><div class=\"fusion-fullwidth fullwidth-box fusion-builder-row-3 nonhundred-percent-fullwidth non-hundred-percent-height-scrolling\" style=\"background-color: rgba(255,255,255,0);background-position: center center;background-repeat: no-repeat;padding-top:10px;padding-right:0px;padding-bottom:10px;padding-left:0px;margin-bottom: 20px;margin-top: 20px;border-width: 0px 0px 0px 0px;border-color:#eae9e9;border-style:solid;\" ><div class=\"fusion-builder-row fusion-row\"><div class=\"fusion-layout-column fusion_builder_column fusion-builder-column-4 fusion_builder_column_1_2 1_2 fusion-one-half fusion-column-first\" style=\"width:50%;width:calc(50% - ( ( 4% ) * 0.5 ) );margin-right: 4%;margin-top:0px;margin-bottom:20px;\"><div class=\"fusion-column-wrapper fusion-flex-column-wrapper-legacy\" style=\"background-position:left top;background-repeat:no-repeat;-webkit-background-size:cover;-moz-background-size:cover;-o-background-size:cover;background-size:cover;padding: 0px 0px 0px 0px;\"><div class=\"fusion-text fusion-text-3\"><p class=\"h2estilotitulocategoria\">Mi Empresa<\/p>\n<\/div><div class=\"fusion-blog-shortcode fusion-blog-shortcode-1 fusion-blog-archive fusion-blog-layout-medium fusion-blog-no fusion-blog-no-images blogpreguntas\"><div class=\"fusion-posts-container fusion-posts-container-no fusion-no-meta-info\" data-pages=\"1\"><article id=\"blog-1-post-2321\" class=\"fusion-post-medium post-2321 post type-post status-publish format-standard hentry category-mi-empresa-configuracion-emp-es-co-es-co category-mi-estudio-configuracion-cont\">\n<div class=\"fusion-post-content post-content\"><h2 class=\"blog-shortcode-post-title entry-title\"><a href=\"https:\/\/ayuda.xubio.com\/es-co\/como-veo-mis-pagos-a-xubio\/\">\u00bfC\u00f3mo veo mis pagos a Xubio?<\/a><\/h2><\/div><div class=\"fusion-clearfix\"><\/div><\/article>\n<article id=\"blog-1-post-1831\" class=\"fusion-post-medium post-1831 post type-post status-publish format-standard hentry category-mi-empresa-configuracion-emp-es-co-es-co\">\n<div class=\"fusion-post-content post-content\"><h2 class=\"blog-shortcode-post-title entry-title\"><a href=\"https:\/\/ayuda.xubio.com\/es-co\/como-modifico-los-permisos-a-un-usuario\/\">\u00bfC\u00f3mo modifico los permisos a un usuario?<\/a><\/h2><\/div><div class=\"fusion-clearfix\"><\/div><\/article>\n<article id=\"blog-1-post-1832\" class=\"fusion-post-medium post-1832 post type-post status-publish format-standard hentry category-mi-empresa-configuracion-emp-es-co-es-co\">\n<div class=\"fusion-post-content post-content\"><h2 class=\"blog-shortcode-post-title entry-title\"><a href=\"https:\/\/ayuda.xubio.com\/es-co\/como-invito-a-un-nuevo-usuario\/\">\u00bfC\u00f3mo invito a un nuevo usuario?<\/a><\/h2><\/div><div class=\"fusion-clearfix\"><\/div><\/article>\n<article id=\"blog-1-post-1830\" class=\"fusion-post-medium post-1830 post type-post status-publish format-standard hentry category-mi-empresa-configuracion-emp-es-co-es-co\">\n<div class=\"fusion-post-content post-content\"><h2 class=\"blog-shortcode-post-title entry-title\"><a href=\"https:\/\/ayuda.xubio.com\/es-co\/como-invito-a-mi-contador\/\">\u00bfC\u00f3mo invito a mi contador?<\/a><\/h2><\/div><div class=\"fusion-clearfix\"><\/div><\/article>\n<article id=\"blog-1-post-1833\" class=\"fusion-post-medium post-1833 post type-post status-publish format-standard hentry category-mi-empresa-configuracion-emp-es-co-es-co\">\n<div class=\"fusion-post-content post-content\"><h2 class=\"blog-shortcode-post-title entry-title\"><a href=\"https:\/\/ayuda.xubio.com\/es-co\/como-ingreso-una-nueva-sucursal\/\">\u00bfC\u00f3mo ingreso una nueva sucursal?<\/a><\/h2><\/div><div class=\"fusion-clearfix\"><\/div><\/article>\n<article id=\"blog-1-post-1828\" class=\"fusion-post-medium post-1828 post type-post status-publish format-standard hentry category-mi-empresa-configuracion-emp-es-co-es-co\">\n<div class=\"fusion-post-content post-content\"><h2 class=\"blog-shortcode-post-title entry-title\"><a href=\"https:\/\/ayuda.xubio.com\/es-co\/como-ingreso-una-nueva-numeracion-de-facturacion\/\">\u00bfC\u00f3mo ingreso una nueva numeraci\u00f3n de facturaci\u00f3n?<\/a><\/h2><\/div><div class=\"fusion-clearfix\"><\/div><\/article>\n<article id=\"blog-1-post-1875\" class=\"fusion-post-medium post-1875 post type-post status-publish format-standard hentry category-mi-empresa-configuracion-emp-es-co-es-co category-mi-informacion-primeros-pasos-emp-es-co-es-co\">\n<div class=\"fusion-post-content post-content\"><h2 class=\"blog-shortcode-post-title entry-title\"><a href=\"https:\/\/ayuda.xubio.com\/es-co\/como-ingreso-datos-de-mi-empresa\/\">\u00bfC\u00f3mo ingreso los datos de mi empresa?<\/a><\/h2><\/div><div class=\"fusion-clearfix\"><\/div><\/article>\n<article id=\"blog-1-post-1829\" class=\"fusion-post-medium post-1829 post type-post status-publish format-standard hentry category-mi-empresa-configuracion-emp-es-co-es-co\">\n<div class=\"fusion-post-content post-content\"><h2 class=\"blog-shortcode-post-title entry-title\"><a href=\"https:\/\/ayuda.xubio.com\/es-co\/como-cambio-mi-plan-en-xubio\/\">\u00bfC\u00f3mo cambio mi plan en Xubio?<\/a><\/h2><\/div><div class=\"fusion-clearfix\"><\/div><\/article>\n<article id=\"blog-1-post-6763\" class=\"fusion-post-medium post-6763 post type-post status-publish format-standard hentry category-configuracion-emp-es-co-es-co category-funcionalidades-configuracion-cont category-mi-empresa-configuracion-emp-es-co-es-co category-funcionalidades-configuracion-emp-es-co-es-co\">\n<div class=\"fusion-post-content post-content\"><h2 class=\"blog-shortcode-post-title entry-title\"><a href=\"https:\/\/ayuda.xubio.com\/es-co\/como-cambiar-la-clave-en-xubio\/\">\u00bfC\u00f3mo cambiar la clave en Xubio?<\/a><\/h2><\/div><div class=\"fusion-clearfix\"><\/div><\/article>\n<\/div><\/div><div class=\"fusion-clearfix\"><\/div><\/div><\/div><div class=\"fusion-layout-column fusion_builder_column fusion-builder-column-5 fusion_builder_column_1_2 1_2 fusion-one-half fusion-column-last\" style=\"width:50%;width:calc(50% - ( ( 4% ) * 0.5 ) );margin-top:0px;margin-bottom:20px;\"><div class=\"fusion-column-wrapper fusion-flex-column-wrapper-legacy\" style=\"background-position:left top;background-repeat:no-repeat;-webkit-background-size:cover;-moz-background-size:cover;-o-background-size:cover;background-size:cover;padding: 0px 0px 0px 0px;\"><div class=\"fusion-text fusion-text-4\"><p class=\"h2estilotitulocategoria\">Funcionalidades<\/p>\n<\/div><div class=\"fusion-blog-shortcode fusion-blog-shortcode-2 fusion-blog-archive fusion-blog-layout-medium fusion-blog-no fusion-blog-no-images blogpreguntas\"><div class=\"fusion-posts-container fusion-posts-container-no fusion-no-meta-info\" data-pages=\"1\"><article id=\"blog-2-post-2328\" class=\"fusion-post-medium post-2328 post type-post status-publish format-standard hentry category-funcionalidades-configuracion-cont category-funcionalidades-configuracion-emp-es-co-es-co\">\n<div class=\"fusion-post-content post-content\"><h2 class=\"blog-shortcode-post-title entry-title\"><a href=\"https:\/\/ayuda.xubio.com\/es-co\/como-ingreso-una-nueva-plantilla-de-observaciones-predeterminada\/\">\u00bfC\u00f3mo ingreso una nueva plantilla de observaciones predeterminada?<\/a><\/h2><\/div><div class=\"fusion-clearfix\"><\/div><\/article>\n<article id=\"blog-2-post-2324\" class=\"fusion-post-medium post-2324 post type-post status-publish format-standard hentry category-funcionalidades-configuracion-cont category-funcionalidades-configuracion-emp-es-co-es-co\">\n<div class=\"fusion-post-content post-content\"><h2 class=\"blog-shortcode-post-title entry-title\"><a href=\"https:\/\/ayuda.xubio.com\/es-co\/como-ingreso-una-nueva-plantilla-de-email-predeterminada\/\">\u00bfC\u00f3mo ingreso una nueva plantilla de Email predeterminada?<\/a><\/h2><\/div><div class=\"fusion-clearfix\"><\/div><\/article>\n<article id=\"blog-2-post-6763\" class=\"fusion-post-medium post-6763 post type-post status-publish format-standard hentry category-configuracion-emp-es-co-es-co category-funcionalidades-configuracion-cont category-mi-empresa-configuracion-emp-es-co-es-co category-funcionalidades-configuracion-emp-es-co-es-co\">\n<div class=\"fusion-post-content post-content\"><h2 class=\"blog-shortcode-post-title entry-title\"><a href=\"https:\/\/ayuda.xubio.com\/es-co\/como-cambiar-la-clave-en-xubio\/\">\u00bfC\u00f3mo cambiar la clave en Xubio?<\/a><\/h2><\/div><div class=\"fusion-clearfix\"><\/div><\/article>\n<\/div><\/div><div class=\"fusion-clearfix\"><\/div><\/div><\/div><\/div><\/div><\/p>\n","protected":false},"excerpt":{"rendered":"","protected":false},"author":5,"featured_media":0,"parent":1778,"menu_order":1,"comment_status":"closed","ping_status":"closed","template":"100-width.php","meta":{"inline_featured_image":false,"footnotes":""},"class_list":["post-1766","page","type-page","status-publish","hentry"],"yoast_head":"<!-- This site is optimized with the Yoast SEO plugin v24.9 - https:\/\/yoast.com\/wordpress\/plugins\/seo\/ -->\n<title>Configuraci\u00f3n Xubio Ayuda<\/title>\n<meta name=\"robots\" content=\"index, follow, max-snippet:-1, max-image-preview:large, max-video-preview:-1\" \/>\n<link rel=\"canonical\" href=\"https:\/\/ayuda.xubio.com\/es-co\/empresas-2\/configuracion\/\" \/>\n<meta property=\"og:locale\" content=\"es_ES\" \/>\n<meta property=\"og:type\" content=\"article\" \/>\n<meta property=\"og:title\" content=\"Configuraci\u00f3n Xubio Ayuda\" \/>\n<meta property=\"og:url\" content=\"https:\/\/ayuda.xubio.com\/es-co\/empresas-2\/configuracion\/\" \/>\n<meta property=\"og:site_name\" content=\"Xubio Ayuda\" \/>\n<meta property=\"article:publisher\" content=\"http:\/\/www.facebook.com\/XubioCompany\" \/>\n<meta property=\"article:modified_time\" content=\"2019-02-05T13:30:38+00:00\" \/>\n<meta name=\"twitter:card\" content=\"summary_large_image\" \/>\n<meta name=\"twitter:label1\" content=\"Tiempo de lectura\" \/>\n\t<meta name=\"twitter:data1\" content=\"4 minutos\" \/>\n<script type=\"application\/ld+json\" class=\"yoast-schema-graph\">{\"@context\":\"https:\/\/schema.org\",\"@graph\":[{\"@type\":\"WebPage\",\"@id\":\"https:\/\/ayuda.xubio.com\/es-co\/empresas-2\/configuracion\/\",\"url\":\"https:\/\/ayuda.xubio.com\/es-co\/empresas-2\/configuracion\/\",\"name\":\"Configuraci\u00f3n Xubio Ayuda\",\"isPartOf\":{\"@id\":\"https:\/\/ayuda.xubio.com\/es-co\/#website\"},\"datePublished\":\"2018-09-26T21:37:47+00:00\",\"dateModified\":\"2019-02-05T13:30:38+00:00\",\"breadcrumb\":{\"@id\":\"https:\/\/ayuda.xubio.com\/es-co\/empresas-2\/configuracion\/#breadcrumb\"},\"inLanguage\":\"es-CO\",\"potentialAction\":[{\"@type\":\"ReadAction\",\"target\":[\"https:\/\/ayuda.xubio.com\/es-co\/empresas-2\/configuracion\/\"]}]},{\"@type\":\"BreadcrumbList\",\"@id\":\"https:\/\/ayuda.xubio.com\/es-co\/empresas-2\/configuracion\/#breadcrumb\",\"itemListElement\":[{\"@type\":\"ListItem\",\"position\":1,\"name\":\"Xubio\",\"item\":\"https:\/\/ayuda.xubio.com\/es-co\/\"},{\"@type\":\"ListItem\",\"position\":2,\"name\":\"Empresas\",\"item\":\"https:\/\/ayuda.xubio.com\/es-co\/\"},{\"@type\":\"ListItem\",\"position\":3,\"name\":\"Configuraci\u00f3n\"}]},{\"@type\":\"WebSite\",\"@id\":\"https:\/\/ayuda.xubio.com\/es-co\/#website\",\"url\":\"https:\/\/ayuda.xubio.com\/es-co\/\",\"name\":\"Xubio Ayuda\",\"description\":\"\",\"publisher\":{\"@id\":\"https:\/\/ayuda.xubio.com\/es-co\/#organization\"},\"potentialAction\":[{\"@type\":\"SearchAction\",\"target\":{\"@type\":\"EntryPoint\",\"urlTemplate\":\"https:\/\/ayuda.xubio.com\/es-co\/?s={search_term_string}\"},\"query-input\":{\"@type\":\"PropertyValueSpecification\",\"valueRequired\":true,\"valueName\":\"search_term_string\"}}],\"inLanguage\":\"es-CO\"},{\"@type\":\"Organization\",\"@id\":\"https:\/\/ayuda.xubio.com\/es-co\/#organization\",\"name\":\"Xubio\",\"url\":\"https:\/\/ayuda.xubio.com\/es-co\/\",\"logo\":{\"@type\":\"ImageObject\",\"inLanguage\":\"es-CO\",\"@id\":\"https:\/\/ayuda.xubio.com\/es-co\/#\/schema\/logo\/image\/\",\"url\":\"https:\/\/ayuda.xubio.com\/wp-content\/uploads\/2017\/11\/logo_xubio_header.png\",\"contentUrl\":\"https:\/\/ayuda.xubio.com\/wp-content\/uploads\/2017\/11\/logo_xubio_header.png\",\"width\":161,\"height\":42,\"caption\":\"Xubio\"},\"image\":{\"@id\":\"https:\/\/ayuda.xubio.com\/es-co\/#\/schema\/logo\/image\/\"},\"sameAs\":[\"http:\/\/www.facebook.com\/XubioCompany\"]}]}<\/script>\n<!-- \/ Yoast SEO plugin. -->","yoast_head_json":{"title":"Configuraci\u00f3n Xubio Ayuda","robots":{"index":"index","follow":"follow","max-snippet":"max-snippet:-1","max-image-preview":"max-image-preview:large","max-video-preview":"max-video-preview:-1"},"canonical":"https:\/\/ayuda.xubio.com\/es-co\/empresas-2\/configuracion\/","og_locale":"es_ES","og_type":"article","og_title":"Configuraci\u00f3n Xubio Ayuda","og_url":"https:\/\/ayuda.xubio.com\/es-co\/empresas-2\/configuracion\/","og_site_name":"Xubio Ayuda","article_publisher":"http:\/\/www.facebook.com\/XubioCompany","article_modified_time":"2019-02-05T13:30:38+00:00","twitter_card":"summary_large_image","twitter_misc":{"Tiempo de lectura":"4 minutos"},"schema":{"@context":"https:\/\/schema.org","@graph":[{"@type":"WebPage","@id":"https:\/\/ayuda.xubio.com\/es-co\/empresas-2\/configuracion\/","url":"https:\/\/ayuda.xubio.com\/es-co\/empresas-2\/configuracion\/","name":"Configuraci\u00f3n Xubio Ayuda","isPartOf":{"@id":"https:\/\/ayuda.xubio.com\/es-co\/#website"},"datePublished":"2018-09-26T21:37:47+00:00","dateModified":"2019-02-05T13:30:38+00:00","breadcrumb":{"@id":"https:\/\/ayuda.xubio.com\/es-co\/empresas-2\/configuracion\/#breadcrumb"},"inLanguage":"es-CO","potentialAction":[{"@type":"ReadAction","target":["https:\/\/ayuda.xubio.com\/es-co\/empresas-2\/configuracion\/"]}]},{"@type":"BreadcrumbList","@id":"https:\/\/ayuda.xubio.com\/es-co\/empresas-2\/configuracion\/#breadcrumb","itemListElement":[{"@type":"ListItem","position":1,"name":"Xubio","item":"https:\/\/ayuda.xubio.com\/es-co\/"},{"@type":"ListItem","position":2,"name":"Empresas","item":"https:\/\/ayuda.xubio.com\/es-co\/"},{"@type":"ListItem","position":3,"name":"Configuraci\u00f3n"}]},{"@type":"WebSite","@id":"https:\/\/ayuda.xubio.com\/es-co\/#website","url":"https:\/\/ayuda.xubio.com\/es-co\/","name":"Xubio Ayuda","description":"","publisher":{"@id":"https:\/\/ayuda.xubio.com\/es-co\/#organization"},"potentialAction":[{"@type":"SearchAction","target":{"@type":"EntryPoint","urlTemplate":"https:\/\/ayuda.xubio.com\/es-co\/?s={search_term_string}"},"query-input":{"@type":"PropertyValueSpecification","valueRequired":true,"valueName":"search_term_string"}}],"inLanguage":"es-CO"},{"@type":"Organization","@id":"https:\/\/ayuda.xubio.com\/es-co\/#organization","name":"Xubio","url":"https:\/\/ayuda.xubio.com\/es-co\/","logo":{"@type":"ImageObject","inLanguage":"es-CO","@id":"https:\/\/ayuda.xubio.com\/es-co\/#\/schema\/logo\/image\/","url":"https:\/\/ayuda.xubio.com\/wp-content\/uploads\/2017\/11\/logo_xubio_header.png","contentUrl":"https:\/\/ayuda.xubio.com\/wp-content\/uploads\/2017\/11\/logo_xubio_header.png","width":161,"height":42,"caption":"Xubio"},"image":{"@id":"https:\/\/ayuda.xubio.com\/es-co\/#\/schema\/logo\/image\/"},"sameAs":["http:\/\/www.facebook.com\/XubioCompany"]}]}},"_links":{"self":[{"href":"https:\/\/ayuda.xubio.com\/es-co\/wp-json\/wp\/v2\/pages\/1766","targetHints":{"allow":["GET"]}}],"collection":[{"href":"https:\/\/ayuda.xubio.com\/es-co\/wp-json\/wp\/v2\/pages"}],"about":[{"href":"https:\/\/ayuda.xubio.com\/es-co\/wp-json\/wp\/v2\/types\/page"}],"author":[{"embeddable":true,"href":"https:\/\/ayuda.xubio.com\/es-co\/wp-json\/wp\/v2\/users\/5"}],"replies":[{"embeddable":true,"href":"https:\/\/ayuda.xubio.com\/es-co\/wp-json\/wp\/v2\/comments?post=1766"}],"version-history":[{"count":3,"href":"https:\/\/ayuda.xubio.com\/es-co\/wp-json\/wp\/v2\/pages\/1766\/revisions"}],"predecessor-version":[{"id":4054,"href":"https:\/\/ayuda.xubio.com\/es-co\/wp-json\/wp\/v2\/pages\/1766\/revisions\/4054"}],"up":[{"embeddable":true,"href":"https:\/\/ayuda.xubio.com\/es-co\/wp-json\/wp\/v2\/pages\/1778"}],"wp:attachment":[{"href":"https:\/\/ayuda.xubio.com\/es-co\/wp-json\/wp\/v2\/media?parent=1766"}],"curies":[{"name":"wp","href":"https:\/\/api.w.org\/{rel}","templated":true}]}}