{"id":850,"date":"2018-09-11T17:56:01","date_gmt":"2018-09-11T20:56:01","guid":{"rendered":"https:\/\/ayuda.xubio.com\/?page_id=850"},"modified":"2023-08-22T13:32:16","modified_gmt":"2023-08-22T16:32:16","slug":"inventarios","status":"publish","type":"page","link":"https:\/\/ayuda.xubio.com\/es-ar\/empresas\/inventarios\/","title":{"rendered":"Inventarios"},"content":{"rendered":"<p><div class=\"fusion-fullwidth fullwidth-box fusion-builder-row-1 fusion-parallax-none nonhundred-percent-fullwidth non-hundred-percent-height-scrolling\" style=\"background-color: rgba(255,255,255,0);background-image: url(&quot;https:\/\/ayuda.xubio.com\/wp-content\/uploads\/2018\/09\/fondo_imagen_azul-1.png&quot;);background-position: center center;background-repeat: no-repeat;padding-top:100px;padding-right:0px;padding-bottom:100px;padding-left:0px;margin-bottom: 30px;margin-top: 0px;border-width: 0px 0px 0px 0px;border-color:#eae9e9;border-style:solid;-webkit-background-size:cover;-moz-background-size:cover;-o-background-size:cover;background-size:cover;\" ><div class=\"fusion-builder-row fusion-row\"><div class=\"fusion-layout-column fusion_builder_column fusion-builder-column-0 fusion_builder_column_1_1 1_1 fusion-one-full fusion-column-first fusion-column-last\" style=\"margin-top:0px;margin-bottom:20px;\"><div class=\"fusion-column-wrapper fusion-flex-column-wrapper-legacy\" style=\"background-position:left top;background-repeat:no-repeat;-webkit-background-size:cover;-moz-background-size:cover;-o-background-size:cover;background-size:cover;padding: 0px 0px 0px 0px;\"><div class=\"fusion-clearfix\"><\/div><\/div><\/div><\/div><\/div>\n<div class=\"fusion-fullwidth fullwidth-box fusion-builder-row-2 nonhundred-percent-fullwidth non-hundred-percent-height-scrolling\" style=\"background-color: rgba(255,255,255,0);background-position: center center;background-repeat: no-repeat;padding-top:10px;padding-right:0px;padding-bottom:10px;padding-left:0px;margin-bottom: 20px;margin-top: 50px;border-width: 0px 0px 0px 0px;border-color:#eae9e9;border-style:solid;\" ><div class=\"fusion-builder-row fusion-row\"><div class=\"fusion-layout-column fusion_builder_column fusion-builder-column-1 fusion_builder_column_1_1 1_1 fusion-one-full fusion-column-first fusion-column-last\" style=\"margin-top:0px;margin-bottom:20px;\"><div class=\"fusion-column-wrapper fusion-flex-column-wrapper-legacy\" style=\"background-position:left top;background-repeat:no-repeat;-webkit-background-size:cover;-moz-background-size:cover;-o-background-size:cover;background-size:cover;padding: 0px 0px 0px 0px;\"><div class=\"fusion-text fusion-text-1\"><p class=\"h2titulocategoria\">Inventarios<\/p>\n<\/div><div class=\"fusion-clearfix\"><\/div><\/div><\/div><div class=\"fusion-layout-column fusion_builder_column fusion-builder-column-2 fusion_builder_column_1_2 1_2 fusion-one-half fusion-column-first\" style=\"width:50%;width:calc(50% - ( ( 4% ) * 0.5 ) );margin-right: 4%;margin-top:0px;margin-bottom:20px;\"><div class=\"fusion-column-wrapper fusion-flex-column-wrapper-legacy\" style=\"background-position:left top;background-repeat:no-repeat;-webkit-background-size:cover;-moz-background-size:cover;-o-background-size:cover;background-size:cover;padding: 0px 0px 0px 0px;\"><div class=\"fusion-text fusion-text-2 fusion-text-no-margin\" style=\"margin-bottom:50px;\"><h3 data-pm-slice=\"1 3 &#091;&#093;\"><strong>Inventario<\/strong><\/h3>\n<p><a href=\"https:\/\/ayuda.xubio.com\/es-ar\/como-veo-mi-inventario\/\">\u00bfC\u00f3mo veo mi inventario?<\/a><\/p>\n<p><a href=\"https:\/\/ayuda.xubio.com\/es-ar\/como-ingreso-nuevo-deposito\/\">\u00bfC\u00f3mo ingreso un nuevo dep\u00f3sito de inventarios?<\/a><\/p>\n<p><a href=\"https:\/\/ayuda.xubio.com\/es-ar\/como-ingreso-ajuste-stock\/\">\u00bfC\u00f3mo ingreso un ajuste de stock?<\/a><\/p>\n<p><a href=\"https:\/\/ayuda.xubio.com\/es-ar\/como-ingreso-nuevo-transporte\/\">\u00bfC\u00f3mo ingreso un nuevo transporte?<\/a><\/p>\n<\/div><div class=\"fusion-text fusion-text-3\"><h3 data-pm-slice=\"1 3 &#091;&#093;\">Valuaci\u00f3n<\/h3>\n<p data-pm-slice=\"1 3 &#091;&#093;\"><a href=\"https:\/\/ayuda.xubio.com\/es-ar\/que-metodo-valuacion-inventario-utilizamos-en-xubio\/\">\u00bfQue m\u00e9todo de Valuaci\u00f3n de Inventario utilizamos en Xubio?<\/a><\/p>\n<p data-pm-slice=\"1 3 &#091;&#093;\"><a href=\"https:\/\/ayuda.xubio.com\/es-ar\/cuales-formas-mover-valorizar-inventario\/\">\u00bfCuales son las formas de mover y valorizar el inventario en Xubio?<\/a><\/p>\n<p data-pm-slice=\"1 3 &#091;&#093;\"><a href=\"https:\/\/ayuda.xubio.com\/es-ar\/como-actualizo-valor-inventario\/\">\u00bfComo actualizo el valor de mi inventario?<\/a><\/p>\n<\/div><div class=\"fusion-clearfix\"><\/div><\/div><\/div><div class=\"fusion-layout-column fusion_builder_column fusion-builder-column-3 fusion_builder_column_1_2 1_2 fusion-one-half fusion-column-last\" style=\"width:50%;width:calc(50% - ( ( 4% ) * 0.5 ) );margin-top:0px;margin-bottom:20px;\"><div class=\"fusion-column-wrapper fusion-flex-column-wrapper-legacy\" style=\"background-position:left top;background-repeat:no-repeat;-webkit-background-size:cover;-moz-background-size:cover;-o-background-size:cover;background-size:cover;padding: 0px 0px 0px 0px;\"><div class=\"fusion-text fusion-text-4 fusion-text-no-margin\" style=\"margin-bottom:50px;\"><h3 data-pm-slice=\"1 3 &#091;&#093;\"><strong>Orden de Producci\u00f3n<\/strong><\/h3>\n<p data-pm-slice=\"1 3 &#091;&#093;\"><a href=\"https:\/\/ayuda.xubio.com\/es-ar\/como-creo-un-producto-fabricado-y-su-formula-de-produccion\/\">\u00bfC\u00f3mo creo un producto fabricado y su f\u00f3rmula de producci\u00f3n?<\/a><\/p>\n<p data-pm-slice=\"1 3 &#091;&#093;\"><a href=\"https:\/\/ayuda.xubio.com\/es-ar\/como-creo-una-materia-prima\/\">\u00bfC\u00f3mo creo una materia prima?<\/a><\/p>\n<p data-pm-slice=\"1 3 &#091;&#093;\"><a href=\"https:\/\/ayuda.xubio.com\/es-ar\/como-creo-una-orden-de-produccion\/\">\u00bfC\u00f3mo creo una orden de producci\u00f3n?<\/a><\/p>\n<\/div><div class=\"fusion-clearfix\"><\/div><\/div><\/div><div class=\"fusion-layout-column fusion_builder_column fusion-builder-column-4 fusion_builder_column_1_2 1_2 fusion-one-half fusion-column-first\" style=\"width:50%;width:calc(50% - ( ( 4% ) * 0.5 ) );margin-right: 4%;margin-top:0px;margin-bottom:20px;\"><div class=\"fusion-column-wrapper fusion-flex-column-wrapper-legacy\" style=\"background-position:left top;background-repeat:no-repeat;-webkit-background-size:cover;-moz-background-size:cover;-o-background-size:cover;background-size:cover;padding: 0px 0px 0px 0px;\"><div class=\"fusion-clearfix\"><\/div><\/div><\/div><\/div><\/div><\/p>\n","protected":false},"excerpt":{"rendered":"","protected":false},"author":4,"featured_media":0,"parent":795,"menu_order":6,"comment_status":"closed","ping_status":"closed","template":"100-width.php","meta":{"inline_featured_image":false,"footnotes":""},"class_list":["post-850","page","type-page","status-publish","hentry"],"yoast_head":"<!-- This site is optimized with the Yoast SEO plugin v24.9 - https:\/\/yoast.com\/wordpress\/plugins\/seo\/ -->\n<title>Inventarios - Xubio Ayuda<\/title>\n<meta name=\"robots\" content=\"index, follow, max-snippet:-1, max-image-preview:large, max-video-preview:-1\" \/>\n<link rel=\"canonical\" href=\"https:\/\/ayuda.xubio.com\/es-ar\/empresas\/inventarios\/\" \/>\n<meta property=\"og:locale\" content=\"es_ES\" \/>\n<meta property=\"og:type\" content=\"article\" \/>\n<meta property=\"og:title\" content=\"Inventarios - Xubio Ayuda\" \/>\n<meta property=\"og:url\" content=\"https:\/\/ayuda.xubio.com\/es-ar\/empresas\/inventarios\/\" \/>\n<meta property=\"og:site_name\" content=\"Xubio Ayuda\" \/>\n<meta property=\"article:publisher\" content=\"http:\/\/www.facebook.com\/XubioCompany\" \/>\n<meta property=\"article:modified_time\" content=\"2023-08-22T16:32:16+00:00\" \/>\n<meta name=\"twitter:card\" content=\"summary_large_image\" \/>\n<meta name=\"twitter:label1\" content=\"Tiempo de lectura\" \/>\n\t<meta name=\"twitter:data1\" content=\"3 minutos\" \/>\n<script type=\"application\/ld+json\" class=\"yoast-schema-graph\">{\"@context\":\"https:\/\/schema.org\",\"@graph\":[{\"@type\":\"WebPage\",\"@id\":\"https:\/\/ayuda.xubio.com\/es-ar\/empresas\/inventarios\/\",\"url\":\"https:\/\/ayuda.xubio.com\/es-ar\/empresas\/inventarios\/\",\"name\":\"Inventarios - Xubio Ayuda\",\"isPartOf\":{\"@id\":\"https:\/\/ayuda.xubio.com\/es-ar\/#website\"},\"datePublished\":\"2018-09-11T20:56:01+00:00\",\"dateModified\":\"2023-08-22T16:32:16+00:00\",\"breadcrumb\":{\"@id\":\"https:\/\/ayuda.xubio.com\/es-ar\/empresas\/inventarios\/#breadcrumb\"},\"inLanguage\":\"es-AR\",\"potentialAction\":[{\"@type\":\"ReadAction\",\"target\":[\"https:\/\/ayuda.xubio.com\/es-ar\/empresas\/inventarios\/\"]}]},{\"@type\":\"BreadcrumbList\",\"@id\":\"https:\/\/ayuda.xubio.com\/es-ar\/empresas\/inventarios\/#breadcrumb\",\"itemListElement\":[{\"@type\":\"ListItem\",\"position\":1,\"name\":\"Xubio\",\"item\":\"https:\/\/ayuda.xubio.com\/es-ar\/\"},{\"@type\":\"ListItem\",\"position\":2,\"name\":\"Empresas\",\"item\":\"https:\/\/ayuda.xubio.com\/es-ar\/\"},{\"@type\":\"ListItem\",\"position\":3,\"name\":\"Inventarios\"}]},{\"@type\":\"WebSite\",\"@id\":\"https:\/\/ayuda.xubio.com\/es-ar\/#website\",\"url\":\"https:\/\/ayuda.xubio.com\/es-ar\/\",\"name\":\"Xubio Ayuda\",\"description\":\"\",\"publisher\":{\"@id\":\"https:\/\/ayuda.xubio.com\/es-ar\/#organization\"},\"potentialAction\":[{\"@type\":\"SearchAction\",\"target\":{\"@type\":\"EntryPoint\",\"urlTemplate\":\"https:\/\/ayuda.xubio.com\/es-ar\/?s={search_term_string}\"},\"query-input\":{\"@type\":\"PropertyValueSpecification\",\"valueRequired\":true,\"valueName\":\"search_term_string\"}}],\"inLanguage\":\"es-AR\"},{\"@type\":\"Organization\",\"@id\":\"https:\/\/ayuda.xubio.com\/es-ar\/#organization\",\"name\":\"Xubio\",\"url\":\"https:\/\/ayuda.xubio.com\/es-ar\/\",\"logo\":{\"@type\":\"ImageObject\",\"inLanguage\":\"es-AR\",\"@id\":\"https:\/\/ayuda.xubio.com\/es-ar\/#\/schema\/logo\/image\/\",\"url\":\"https:\/\/ayuda.xubio.com\/wp-content\/uploads\/2017\/11\/logo_xubio_header.png\",\"contentUrl\":\"https:\/\/ayuda.xubio.com\/wp-content\/uploads\/2017\/11\/logo_xubio_header.png\",\"width\":161,\"height\":42,\"caption\":\"Xubio\"},\"image\":{\"@id\":\"https:\/\/ayuda.xubio.com\/es-ar\/#\/schema\/logo\/image\/\"},\"sameAs\":[\"http:\/\/www.facebook.com\/XubioCompany\"]}]}<\/script>\n<!-- \/ Yoast SEO plugin. -->","yoast_head_json":{"title":"Inventarios - Xubio Ayuda","robots":{"index":"index","follow":"follow","max-snippet":"max-snippet:-1","max-image-preview":"max-image-preview:large","max-video-preview":"max-video-preview:-1"},"canonical":"https:\/\/ayuda.xubio.com\/es-ar\/empresas\/inventarios\/","og_locale":"es_ES","og_type":"article","og_title":"Inventarios - Xubio Ayuda","og_url":"https:\/\/ayuda.xubio.com\/es-ar\/empresas\/inventarios\/","og_site_name":"Xubio Ayuda","article_publisher":"http:\/\/www.facebook.com\/XubioCompany","article_modified_time":"2023-08-22T16:32:16+00:00","twitter_card":"summary_large_image","twitter_misc":{"Tiempo de lectura":"3 minutos"},"schema":{"@context":"https:\/\/schema.org","@graph":[{"@type":"WebPage","@id":"https:\/\/ayuda.xubio.com\/es-ar\/empresas\/inventarios\/","url":"https:\/\/ayuda.xubio.com\/es-ar\/empresas\/inventarios\/","name":"Inventarios - Xubio Ayuda","isPartOf":{"@id":"https:\/\/ayuda.xubio.com\/es-ar\/#website"},"datePublished":"2018-09-11T20:56:01+00:00","dateModified":"2023-08-22T16:32:16+00:00","breadcrumb":{"@id":"https:\/\/ayuda.xubio.com\/es-ar\/empresas\/inventarios\/#breadcrumb"},"inLanguage":"es-AR","potentialAction":[{"@type":"ReadAction","target":["https:\/\/ayuda.xubio.com\/es-ar\/empresas\/inventarios\/"]}]},{"@type":"BreadcrumbList","@id":"https:\/\/ayuda.xubio.com\/es-ar\/empresas\/inventarios\/#breadcrumb","itemListElement":[{"@type":"ListItem","position":1,"name":"Xubio","item":"https:\/\/ayuda.xubio.com\/es-ar\/"},{"@type":"ListItem","position":2,"name":"Empresas","item":"https:\/\/ayuda.xubio.com\/es-ar\/"},{"@type":"ListItem","position":3,"name":"Inventarios"}]},{"@type":"WebSite","@id":"https:\/\/ayuda.xubio.com\/es-ar\/#website","url":"https:\/\/ayuda.xubio.com\/es-ar\/","name":"Xubio Ayuda","description":"","publisher":{"@id":"https:\/\/ayuda.xubio.com\/es-ar\/#organization"},"potentialAction":[{"@type":"SearchAction","target":{"@type":"EntryPoint","urlTemplate":"https:\/\/ayuda.xubio.com\/es-ar\/?s={search_term_string}"},"query-input":{"@type":"PropertyValueSpecification","valueRequired":true,"valueName":"search_term_string"}}],"inLanguage":"es-AR"},{"@type":"Organization","@id":"https:\/\/ayuda.xubio.com\/es-ar\/#organization","name":"Xubio","url":"https:\/\/ayuda.xubio.com\/es-ar\/","logo":{"@type":"ImageObject","inLanguage":"es-AR","@id":"https:\/\/ayuda.xubio.com\/es-ar\/#\/schema\/logo\/image\/","url":"https:\/\/ayuda.xubio.com\/wp-content\/uploads\/2017\/11\/logo_xubio_header.png","contentUrl":"https:\/\/ayuda.xubio.com\/wp-content\/uploads\/2017\/11\/logo_xubio_header.png","width":161,"height":42,"caption":"Xubio"},"image":{"@id":"https:\/\/ayuda.xubio.com\/es-ar\/#\/schema\/logo\/image\/"},"sameAs":["http:\/\/www.facebook.com\/XubioCompany"]}]}},"_links":{"self":[{"href":"https:\/\/ayuda.xubio.com\/es-ar\/wp-json\/wp\/v2\/pages\/850","targetHints":{"allow":["GET"]}}],"collection":[{"href":"https:\/\/ayuda.xubio.com\/es-ar\/wp-json\/wp\/v2\/pages"}],"about":[{"href":"https:\/\/ayuda.xubio.com\/es-ar\/wp-json\/wp\/v2\/types\/page"}],"author":[{"embeddable":true,"href":"https:\/\/ayuda.xubio.com\/es-ar\/wp-json\/wp\/v2\/users\/4"}],"replies":[{"embeddable":true,"href":"https:\/\/ayuda.xubio.com\/es-ar\/wp-json\/wp\/v2\/comments?post=850"}],"version-history":[{"count":8,"href":"https:\/\/ayuda.xubio.com\/es-ar\/wp-json\/wp\/v2\/pages\/850\/revisions"}],"predecessor-version":[{"id":12856,"href":"https:\/\/ayuda.xubio.com\/es-ar\/wp-json\/wp\/v2\/pages\/850\/revisions\/12856"}],"up":[{"embeddable":true,"href":"https:\/\/ayuda.xubio.com\/es-ar\/wp-json\/wp\/v2\/pages\/795"}],"wp:attachment":[{"href":"https:\/\/ayuda.xubio.com\/es-ar\/wp-json\/wp\/v2\/media?parent=850"}],"curies":[{"name":"wp","href":"https:\/\/api.w.org\/{rel}","templated":true}]}}